{"id":883,"date":"2016-11-17T19:24:34","date_gmt":"2016-11-17T19:24:34","guid":{"rendered":"http:\/\/secst.net\/index.php\/lempresa\/?lang=fr"},"modified":"2016-11-17T19:38:52","modified_gmt":"2016-11-17T19:38:52","slug":"lempresa","status":"publish","type":"page","link":"https:\/\/secst.net\/index.php\/lempresa\/?lang=fr","title":{"rendered":"La soci\u00e9t\u00e9"},"content":{"rendered":"<p>[et_pb_section admin_label=&#8221;Section&#8221; fullwidth=&#8221;on&#8221; specialty=&#8221;off&#8221;][et_pb_fullwidth_header admin_label=&#8221;Fullwidth Header&#8221; title=&#8221;La soci\u00e9t\u00e9&#8221; background_layout=&#8221;light&#8221; text_orientation=&#8221;left&#8221; header_fullscreen=&#8221;off&#8221; header_scroll_down=&#8221;off&#8221; background_url=&#8221;https:\/\/secst.net\/wp-content\/uploads\/2016\/10\/quisomfinal.jpg&#8221; parallax=&#8221;off&#8221; parallax_method=&#8221;off&#8221; content_orientation=&#8221;center&#8221; image_orientation=&#8221;center&#8221; custom_button_one=&#8221;off&#8221; button_one_letter_spacing=&#8221;0&#8243; button_one_use_icon=&#8221;default&#8221; button_one_icon_placement=&#8221;right&#8221; button_one_on_hover=&#8221;on&#8221; button_one_letter_spacing_hover=&#8221;0&#8243; custom_button_two=&#8221;off&#8221; button_two_letter_spacing=&#8221;0&#8243; button_two_use_icon=&#8221;default&#8221; button_two_icon_placement=&#8221;right&#8221; button_two_on_hover=&#8221;on&#8221; button_two_letter_spacing_hover=&#8221;0&#8243; title_font_color=&#8221;#ffffff&#8221; title_font=&#8221;|on|||&#8221; title_font_size=&#8221;40px&#8221;] [\/et_pb_fullwidth_header][\/et_pb_section][et_pb_section admin_label=&#8221;section&#8221;][et_pb_row admin_label=&#8221;row&#8221;][et_pb_column type=&#8221;1_2&#8243;][et_pb_text admin_label=&#8221;Text&#8221; background_layout=&#8221;light&#8221; text_orientation=&#8221;left&#8221; use_border_color=&#8221;off&#8221; border_color=&#8221;#ffffff&#8221; border_style=&#8221;solid&#8221; saved_tabs=&#8221;all&#8221;]<\/p>\n<h3>La soci\u00e9t\u00e9<\/h3>\n<p>SEC est une coop\u00e9rative de techniciens ayant une exp\u00e9rience dans le domaine de Electro fond\u00e9 \u00e0 la fin de 2002.<\/p>\n<p>Apr\u00e8s 25 ans d&#8217;exp\u00e9rience dans le domaine de l&#8217;\u00e9lectro et la d\u00e9tection de la faible rentabilit\u00e9 des services apr\u00e8s-vente importateurs de mat\u00e9riel m\u00e9dical, l&#8217;inqui\u00e9tude est n\u00e9e de r\u00e9soudre ce probl\u00e8me. Ainsi na\u00eet l&#8217;id\u00e9e de r\u00e9unir les techniques, professionnelles, des instruments et des connaissances seront n\u00e9cessaires pour donner un bon service aux entreprises; convaincu que la solution \u00e9conomique est d&#8217;externaliser ce service. Jusqu&#8217;\u00e0 pr\u00e9sent, il n&#8217;y avait aucune entreprise qui pourrait fournir ces services dans un cadre professionnel et s\u00e9rieux. Il y avait seulement une certaine autonomie technique, avec peu de m\u00e9dias ont essay\u00e9 de r\u00e9parer certains \u00e9quipements.<\/p>\n<p>Compte tenu de ce besoin du march\u00e9, n\u00e9 SEC &#8220;services \u00e9lectrom\u00e9dicales de Catalogne.&#8221;<\/p>\n<p>[\/et_pb_text][et_pb_image admin_label=&#8221;Image&#8221; src=&#8221;https:\/\/secst.net\/wp-content\/uploads\/2016\/10\/IMG_3691.jpg&#8221; show_in_lightbox=&#8221;off&#8221; url_new_window=&#8221;off&#8221; use_overlay=&#8221;off&#8221; animation=&#8221;left&#8221; sticky=&#8221;off&#8221; align=&#8221;left&#8221; force_fullwidth=&#8221;off&#8221; always_center_on_mobile=&#8221;on&#8221; use_border_color=&#8221;off&#8221; border_color=&#8221;#ffffff&#8221; border_style=&#8221;solid&#8221;] [\/et_pb_image][\/et_pb_column][et_pb_column type=&#8221;1_2&#8243;][et_pb_text admin_label=&#8221;Text&#8221; background_layout=&#8221;light&#8221; text_orientation=&#8221;left&#8221; use_border_color=&#8221;off&#8221; border_color=&#8221;#ffffff&#8221; border_style=&#8221;solid&#8221;]<\/p>\n<h3><strong>Comment pouvons-nous faire?\u00a0<\/strong><\/h3>\n<p><img loading=\"lazy\" class=\"wp-image-92 alignleft\" src=\"https:\/\/secst.net\/wp-content\/uploads\/2016\/10\/oficial.png\" alt=\"oficial\" width=\"45\" height=\"45\" srcset=\"https:\/\/secst.net\/wp-content\/uploads\/2016\/10\/oficial.png 300w, https:\/\/secst.net\/wp-content\/uploads\/2016\/10\/oficial-150x150.png 150w\" sizes=\"(max-width: 45px) 100vw, 45px\" \/>Fonctionnant comme un service officiel du client nous engage.<\/p>\n<p>&nbsp;<\/p>\n<p>[\/et_pb_text][et_pb_text admin_label=&#8221;Text&#8221; background_layout=&#8221;light&#8221; text_orientation=&#8221;left&#8221; use_border_color=&#8221;off&#8221; border_color=&#8221;#ffffff&#8221; border_style=&#8221;solid&#8221;]<\/p>\n<p><img loading=\"lazy\" class=\"wp-image-90 alignleft\" src=\"https:\/\/secst.net\/wp-content\/uploads\/2016\/10\/garantia.png\" alt=\"garantia\" width=\"45\" height=\"45\" srcset=\"https:\/\/secst.net\/wp-content\/uploads\/2016\/10\/garantia.png 300w, https:\/\/secst.net\/wp-content\/uploads\/2016\/10\/garantia-150x150.png 150w\" sizes=\"(max-width: 45px) 100vw, 45px\" \/>Toutes les r\u00e9parations ont trois mois de garantie, de sorte que le mat\u00e9riel est reconstitu\u00e9 comme main-d&#8217;\u0153uvre.<\/p>\n<p>[\/et_pb_text][et_pb_text admin_label=&#8221;Text&#8221; background_layout=&#8221;light&#8221; text_orientation=&#8221;left&#8221; use_border_color=&#8221;off&#8221; border_color=&#8221;#ffffff&#8221; border_style=&#8221;solid&#8221;]<\/p>\n<p><img loading=\"lazy\" class=\"wp-image-93 alignleft\" src=\"https:\/\/secst.net\/wp-content\/uploads\/2016\/10\/albara.png\" alt=\"albara\" width=\"45\" height=\"45\" srcset=\"https:\/\/secst.net\/wp-content\/uploads\/2016\/10\/albara.png 300w, https:\/\/secst.net\/wp-content\/uploads\/2016\/10\/albara-150x150.png 150w\" sizes=\"(max-width: 45px) 100vw, 45px\" \/>L&#8217;utilisation des recettes apr\u00e8s la soci\u00e9t\u00e9 de service de vente contract\u00e9 par le client qui peut \u00eatre fourni avec son format et son logo.<\/p>\n<p>&nbsp;<\/p>\n<p>[\/et_pb_text][et_pb_text admin_label=&#8221;Text&#8221; background_layout=&#8221;light&#8221; text_orientation=&#8221;left&#8221; use_border_color=&#8221;off&#8221; border_color=&#8221;#ffffff&#8221; border_style=&#8221;solid&#8221;]<\/p>\n<p><img loading=\"lazy\" class=\"wp-image-88 alignleft\" src=\"https:\/\/secst.net\/wp-content\/uploads\/2016\/10\/neteja.png\" alt=\"neteja\" width=\"45\" height=\"45\" srcset=\"https:\/\/secst.net\/wp-content\/uploads\/2016\/10\/neteja.png 300w, https:\/\/secst.net\/wp-content\/uploads\/2016\/10\/neteja-150x150.png 150w\" sizes=\"(max-width: 45px) 100vw, 45px\" \/>Dans toutes les r\u00e9parations que nous les pi\u00e8ces de rechange d&#8217;origine, l&#8217;\u00e9quipement r\u00e9par\u00e9 et contr\u00f4l\u00e9s, nettoy\u00e9s et livr\u00e9s aux clients dans un emballage appropri\u00e9, prendre soin en tout temps pr\u00e9senter.<\/p>\n<p>[\/et_pb_text][et_pb_text admin_label=&#8221;Text&#8221; background_layout=&#8221;light&#8221; text_orientation=&#8221;left&#8221; use_border_color=&#8221;off&#8221; border_color=&#8221;#ffffff&#8221; border_style=&#8221;solid&#8221;]<\/p>\n<p><img loading=\"lazy\" class=\"wp-image-89 alignleft\" src=\"https:\/\/secst.net\/wp-content\/uploads\/2016\/10\/etiqueta.png\" alt=\"etiqueta\" width=\"50\" height=\"50\" srcset=\"https:\/\/secst.net\/wp-content\/uploads\/2016\/10\/etiqueta.png 300w, https:\/\/secst.net\/wp-content\/uploads\/2016\/10\/etiqueta-150x150.png 150w\" sizes=\"(max-width: 50px) 100vw, 50px\" \/>Nous garantissons joint avec le logo de l&#8217;entreprise que le contrat et la date de r\u00e9paration ou de r\u00e9vision.<\/p>\n<p>&nbsp;<\/p>\n<p>[\/et_pb_text][et_pb_text admin_label=&#8221;Text&#8221; background_layout=&#8221;light&#8221; text_orientation=&#8221;left&#8221; use_border_color=&#8221;off&#8221; border_color=&#8221;#ffffff&#8221; border_style=&#8221;solid&#8221;]<\/p>\n<p><img loading=\"lazy\" class=\"wp-image-87 alignleft\" src=\"https:\/\/secst.net\/wp-content\/uploads\/2016\/10\/adomicili.png\" alt=\"adomicili\" width=\"45\" height=\"45\" srcset=\"https:\/\/secst.net\/wp-content\/uploads\/2016\/10\/adomicili.png 300w, https:\/\/secst.net\/wp-content\/uploads\/2016\/10\/adomicili-150x150.png 150w\" sizes=\"(max-width: 45px) 100vw, 45px\" \/>Voyages \u00e0 l&#8217;h\u00f4pital, et si l&#8217;\u00e9quipement d&#8217;\u00e9limination n\u00e9cessaire dans notre atelier.<\/p>\n<p>[\/et_pb_text][\/et_pb_column][\/et_pb_row][\/et_pb_section]<\/p>\n","protected":false},"excerpt":{"rendered":"<p>[et_pb_section admin_label=&#8221;Section&#8221; fullwidth=&#8221;on&#8221; specialty=&#8221;off&#8221;][et_pb_fullwidth_header admin_label=&#8221;Fullwidth Header&#8221; title=&#8221;La soci\u00e9t\u00e9&#8221; background_layout=&#8221;light&#8221; text_orientation=&#8221;left&#8221; header_fullscreen=&#8221;off&#8221; header_scroll_down=&#8221;off&#8221; background_url=&#8221;https:\/\/secst.net\/wp-content\/uploads\/2016\/10\/quisomfinal.jpg&#8221; parallax=&#8221;off&#8221; parallax_method=&#8221;off&#8221; content_orientation=&#8221;center&#8221; image_orientation=&#8221;center&#8221; custom_button_one=&#8221;off&#8221; button_one_letter_spacing=&#8221;0&#8243; button_one_use_icon=&#8221;default&#8221; button_one_icon_placement=&#8221;right&#8221; button_one_on_hover=&#8221;on&#8221; button_one_letter_spacing_hover=&#8221;0&#8243; custom_button_two=&#8221;off&#8221; button_two_letter_spacing=&#8221;0&#8243; button_two_use_icon=&#8221;default&#8221; button_two_icon_placement=&#8221;right&#8221; button_two_on_hover=&#8221;on&#8221; button_two_letter_spacing_hover=&#8221;0&#8243; title_font_color=&#8221;#ffffff&#8221; title_font=&#8221;|on|||&#8221; title_font_size=&#8221;40px&#8221;] [\/et_pb_fullwidth_header][\/et_pb_section][et_pb_section admin_label=&#8221;section&#8221;][et_pb_row admin_label=&#8221;row&#8221;][et_pb_column type=&#8221;1_2&#8243;][et_pb_text admin_label=&#8221;Text&#8221; background_layout=&#8221;light&#8221; text_orientation=&#8221;left&#8221; use_border_color=&#8221;off&#8221; border_color=&#8221;#ffffff&#8221; border_style=&#8221;solid&#8221; saved_tabs=&#8221;all&#8221;] La soci\u00e9t\u00e9 SEC est une coop\u00e9rative de techniciens ayant une exp\u00e9rience dans [&hellip;]<\/p>\n","protected":false},"author":1,"featured_media":0,"parent":0,"menu_order":0,"comment_status":"closed","ping_status":"closed","template":"","meta":{"_et_pb_use_builder":"on","_et_pb_old_content":"","_et_gb_content_width":""},"_links":{"self":[{"href":"https:\/\/secst.net\/index.php\/wp-json\/wp\/v2\/pages\/883"}],"collection":[{"href":"https:\/\/secst.net\/index.php\/wp-json\/wp\/v2\/pages"}],"about":[{"href":"https:\/\/secst.net\/index.php\/wp-json\/wp\/v2\/types\/page"}],"author":[{"embeddable":true,"href":"https:\/\/secst.net\/index.php\/wp-json\/wp\/v2\/users\/1"}],"replies":[{"embeddable":true,"href":"https:\/\/secst.net\/index.php\/wp-json\/wp\/v2\/comments?post=883"}],"version-history":[{"count":3,"href":"https:\/\/secst.net\/index.php\/wp-json\/wp\/v2\/pages\/883\/revisions"}],"predecessor-version":[{"id":886,"href":"https:\/\/secst.net\/index.php\/wp-json\/wp\/v2\/pages\/883\/revisions\/886"}],"wp:attachment":[{"href":"https:\/\/secst.net\/index.php\/wp-json\/wp\/v2\/media?parent=883"}],"curies":[{"name":"wp","href":"https:\/\/api.w.org\/{rel}","templated":true}]}}