{"id":875,"date":"2016-11-17T19:24:34","date_gmt":"2016-11-17T19:24:34","guid":{"rendered":"http:\/\/secst.net\/?page_id=875&#038;lang=es"},"modified":"2016-11-17T19:24:34","modified_gmt":"2016-11-17T19:24:34","slug":"lempresa","status":"publish","type":"page","link":"https:\/\/secst.net\/index.php\/lempresa\/?lang=es","title":{"rendered":"L&#8217;empresa"},"content":{"rendered":"<p>[et_pb_section admin_label=&#8221;Section&#8221; fullwidth=&#8221;on&#8221; specialty=&#8221;off&#8221;][et_pb_fullwidth_header admin_label=&#8221;Fullwidth Header&#8221; title=&#8221;L&#8217;empresa&#8221; background_layout=&#8221;light&#8221; text_orientation=&#8221;left&#8221; header_fullscreen=&#8221;off&#8221; header_scroll_down=&#8221;off&#8221; background_url=&#8221;https:\/\/secst.net\/wp-content\/uploads\/2016\/10\/quisomfinal.jpg&#8221; parallax=&#8221;off&#8221; parallax_method=&#8221;off&#8221; content_orientation=&#8221;center&#8221; image_orientation=&#8221;center&#8221; custom_button_one=&#8221;off&#8221; button_one_letter_spacing=&#8221;0&#8243; button_one_use_icon=&#8221;default&#8221; button_one_icon_placement=&#8221;right&#8221; button_one_on_hover=&#8221;on&#8221; button_one_letter_spacing_hover=&#8221;0&#8243; custom_button_two=&#8221;off&#8221; button_two_letter_spacing=&#8221;0&#8243; button_two_use_icon=&#8221;default&#8221; button_two_icon_placement=&#8221;right&#8221; button_two_on_hover=&#8221;on&#8221; button_two_letter_spacing_hover=&#8221;0&#8243; title_font_color=&#8221;#ffffff&#8221; title_font=&#8221;|on|||&#8221; title_font_size=&#8221;40px&#8221;] [\/et_pb_fullwidth_header][\/et_pb_section][et_pb_section admin_label=&#8221;section&#8221;][et_pb_row admin_label=&#8221;row&#8221;][et_pb_column type=&#8221;1_2&#8243;][et_pb_text admin_label=&#8221;Text&#8221; background_layout=&#8221;light&#8221; text_orientation=&#8221;left&#8221; use_border_color=&#8221;off&#8221; border_color=&#8221;#ffffff&#8221; border_style=&#8221;solid&#8221; saved_tabs=&#8221;all&#8221;]<\/p>\n<h3>\u00a0<strong>La compa\u00f1\u00eda<\/strong><\/h3>\n<p>SEC es una cooperativa de t\u00e9cnicos con experiencia en el sector de la Electromedicina fundada a finales del a\u00f1o 2002.<br \/>\nDespu\u00e9s de 25 a\u00f1os de experiencia en el sector de la electromedicina, y detectando la poca rentabilidad de los servicios post-venta de las empresas importadoras de material m\u00e9dico, nace la inquietud de solucionar este problema. As\u00ed surge la idea de unir los servicios t\u00e9cnicos, los profesionales, el instrumental y los conocimientos que ser\u00e1n necesarios para dar un buen servicio a las empresas; convencidos de que la soluci\u00f3n econ\u00f3mica pasa por subcontratar este servicio. Hasta el momento no exist\u00eda ninguna empresa que pudiera dar estos servicios de forma profesional y seria. Tan s\u00f3lo hab\u00eda algunos t\u00e9cnicos aut\u00f3nomos, que con pocos medios intentaban reparar algunos equipos.<br \/>\nAnte esta necesidad de mercado, nace SEC &#8220;Servicios Electrom\u00e9dicos de Catalu\u00f1a&#8221;.<\/p>\n<p>[\/et_pb_text][et_pb_image admin_label=&#8221;Image&#8221; src=&#8221;https:\/\/secst.net\/wp-content\/uploads\/2016\/10\/IMG_3691.jpg&#8221; show_in_lightbox=&#8221;off&#8221; url_new_window=&#8221;off&#8221; use_overlay=&#8221;off&#8221; animation=&#8221;left&#8221; sticky=&#8221;off&#8221; align=&#8221;left&#8221; force_fullwidth=&#8221;off&#8221; always_center_on_mobile=&#8221;on&#8221; use_border_color=&#8221;off&#8221; border_color=&#8221;#ffffff&#8221; border_style=&#8221;solid&#8221;] [\/et_pb_image][\/et_pb_column][et_pb_column type=&#8221;1_2&#8243;][et_pb_text admin_label=&#8221;Text&#8221; background_layout=&#8221;light&#8221; text_orientation=&#8221;left&#8221; use_border_color=&#8221;off&#8221; border_color=&#8221;#ffffff&#8221; border_style=&#8221;solid&#8221;]<\/p>\n<h3>\u00a0<strong>Como lo hacemos ?<\/strong><\/h3>\n<p><img loading=\"lazy\" class=\"wp-image-92 alignleft\" src=\"https:\/\/secst.net\/wp-content\/uploads\/2016\/10\/oficial.png\" alt=\"oficial\" width=\"45\" height=\"45\" srcset=\"https:\/\/secst.net\/wp-content\/uploads\/2016\/10\/oficial.png 300w, https:\/\/secst.net\/wp-content\/uploads\/2016\/10\/oficial-150x150.png 150w\" sizes=\"(max-width: 45px) 100vw, 45px\" \/>Funcionamiento como un servicio t\u00e9cnico oficial del cliente que nos contrata.<\/p>\n<p>&nbsp;<\/p>\n<p>[\/et_pb_text][et_pb_text admin_label=&#8221;Text&#8221; background_layout=&#8221;light&#8221; text_orientation=&#8221;left&#8221; use_border_color=&#8221;off&#8221; border_color=&#8221;#ffffff&#8221; border_style=&#8221;solid&#8221;]<\/p>\n<p><img loading=\"lazy\" class=\"wp-image-90 alignleft\" src=\"https:\/\/secst.net\/wp-content\/uploads\/2016\/10\/garantia.png\" alt=\"garantia\" width=\"45\" height=\"45\" srcset=\"https:\/\/secst.net\/wp-content\/uploads\/2016\/10\/garantia.png 300w, https:\/\/secst.net\/wp-content\/uploads\/2016\/10\/garantia-150x150.png 150w\" sizes=\"(max-width: 45px) 100vw, 45px\" \/>Todas las reparaciones tienen tres meses de garant\u00eda, tanto del material que se repone como de la mano de obra.<\/p>\n<p>[\/et_pb_text][et_pb_text admin_label=&#8221;Text&#8221; background_layout=&#8221;light&#8221; text_orientation=&#8221;left&#8221; use_border_color=&#8221;off&#8221; border_color=&#8221;#ffffff&#8221; border_style=&#8221;solid&#8221;]<\/p>\n<p><img loading=\"lazy\" class=\"wp-image-93 alignleft\" src=\"https:\/\/secst.net\/wp-content\/uploads\/2016\/10\/albara.png\" alt=\"albara\" width=\"45\" height=\"45\" srcset=\"https:\/\/secst.net\/wp-content\/uploads\/2016\/10\/albara.png 300w, https:\/\/secst.net\/wp-content\/uploads\/2016\/10\/albara-150x150.png 150w\" sizes=\"(max-width: 45px) 100vw, 45px\" \/>Utilizaci\u00f3n de albaranes de servicio post venta de la empresa contratada, que el mismo cliente puede suministrar con su formato y su logotipo.<\/p>\n<p>&nbsp;<\/p>\n<p>[\/et_pb_text][et_pb_text admin_label=&#8221;Text&#8221; background_layout=&#8221;light&#8221; text_orientation=&#8221;left&#8221; use_border_color=&#8221;off&#8221; border_color=&#8221;#ffffff&#8221; border_style=&#8221;solid&#8221;]<\/p>\n<p><img loading=\"lazy\" class=\"wp-image-88 alignleft\" src=\"https:\/\/secst.net\/wp-content\/uploads\/2016\/10\/neteja.png\" alt=\"neteja\" width=\"45\" height=\"45\" srcset=\"https:\/\/secst.net\/wp-content\/uploads\/2016\/10\/neteja.png 300w, https:\/\/secst.net\/wp-content\/uploads\/2016\/10\/neteja-150x150.png 150w\" sizes=\"(max-width: 45px) 100vw, 45px\" \/>En todas las reparaciones se ponen repuestos originales, los equipos reparados y revisados, se entregan a los clientes limpiados y en un envoltorio adecuado, cuidando en todo momento de la presentaci\u00f3n del mismo.<\/p>\n<p>[\/et_pb_text][et_pb_text admin_label=&#8221;Text&#8221; background_layout=&#8221;light&#8221; text_orientation=&#8221;left&#8221; use_border_color=&#8221;off&#8221; border_color=&#8221;#ffffff&#8221; border_style=&#8221;solid&#8221;]<\/p>\n<p><img loading=\"lazy\" class=\"wp-image-89 alignleft\" src=\"https:\/\/secst.net\/wp-content\/uploads\/2016\/10\/etiqueta.png\" alt=\"etiqueta\" width=\"50\" height=\"50\" srcset=\"https:\/\/secst.net\/wp-content\/uploads\/2016\/10\/etiqueta.png 300w, https:\/\/secst.net\/wp-content\/uploads\/2016\/10\/etiqueta-150x150.png 150w\" sizes=\"(max-width: 50px) 100vw, 50px\" \/>Colocaci\u00f3n de precinto de garant\u00eda con el logotipo de la empresa que contrato y la fecha de reparaci\u00f3n o revisi\u00f3n.<\/p>\n<p>&nbsp;<\/p>\n<p>[\/et_pb_text][et_pb_text admin_label=&#8221;Text&#8221; background_layout=&#8221;light&#8221; text_orientation=&#8221;left&#8221; use_border_color=&#8221;off&#8221; border_color=&#8221;#ffffff&#8221; border_style=&#8221;solid&#8221;]<\/p>\n<p><img loading=\"lazy\" class=\"wp-image-87 alignleft\" src=\"https:\/\/secst.net\/wp-content\/uploads\/2016\/10\/adomicili.png\" alt=\"adomicili\" width=\"45\" height=\"45\" srcset=\"https:\/\/secst.net\/wp-content\/uploads\/2016\/10\/adomicili.png 300w, https:\/\/secst.net\/wp-content\/uploads\/2016\/10\/adomicili-150x150.png 150w\" sizes=\"(max-width: 45px) 100vw, 45px\" \/>Desplazamientos en el centro hospitalario, y en el caso de que sea necesario retirada del equipo en nuestro taller.<\/p>\n<p>[\/et_pb_text][\/et_pb_column][\/et_pb_row][\/et_pb_section][et_pb_section admin_label=&#8221;Section&#8221; fullwidth=&#8221;off&#8221; specialty=&#8221;off&#8221;][et_pb_row admin_label=&#8221;Row&#8221; make_fullwidth=&#8221;off&#8221; use_custom_width=&#8221;off&#8221; width_unit=&#8221;on&#8221; use_custom_gutter=&#8221;off&#8221; padding_mobile=&#8221;off&#8221; allow_player_pause=&#8221;off&#8221; parallax=&#8221;off&#8221; parallax_method=&#8221;off&#8221; make_equal=&#8221;off&#8221; parallax_1=&#8221;off&#8221; parallax_method_1=&#8221;off&#8221; parallax_2=&#8221;off&#8221; parallax_method_2=&#8221;off&#8221; parallax_3=&#8221;off&#8221; parallax_method_3=&#8221;off&#8221; column_padding_mobile=&#8221;on&#8221;][et_pb_column type=&#8221;1_3&#8243;][\/et_pb_column][et_pb_column type=&#8221;1_3&#8243;][\/et_pb_column][et_pb_column type=&#8221;1_3&#8243;][\/et_pb_column][\/et_pb_row][\/et_pb_section]<\/p>\n","protected":false},"excerpt":{"rendered":"<p>[et_pb_section admin_label=&#8221;Section&#8221; fullwidth=&#8221;on&#8221; specialty=&#8221;off&#8221;][et_pb_fullwidth_header admin_label=&#8221;Fullwidth Header&#8221; title=&#8221;L&#8217;empresa&#8221; background_layout=&#8221;light&#8221; text_orientation=&#8221;left&#8221; header_fullscreen=&#8221;off&#8221; header_scroll_down=&#8221;off&#8221; background_url=&#8221;https:\/\/secst.net\/wp-content\/uploads\/2016\/10\/quisomfinal.jpg&#8221; parallax=&#8221;off&#8221; parallax_method=&#8221;off&#8221; content_orientation=&#8221;center&#8221; image_orientation=&#8221;center&#8221; custom_button_one=&#8221;off&#8221; button_one_letter_spacing=&#8221;0&#8243; button_one_use_icon=&#8221;default&#8221; button_one_icon_placement=&#8221;right&#8221; button_one_on_hover=&#8221;on&#8221; button_one_letter_spacing_hover=&#8221;0&#8243; custom_button_two=&#8221;off&#8221; button_two_letter_spacing=&#8221;0&#8243; button_two_use_icon=&#8221;default&#8221; button_two_icon_placement=&#8221;right&#8221; button_two_on_hover=&#8221;on&#8221; button_two_letter_spacing_hover=&#8221;0&#8243; title_font_color=&#8221;#ffffff&#8221; title_font=&#8221;|on|||&#8221; title_font_size=&#8221;40px&#8221;] [\/et_pb_fullwidth_header][\/et_pb_section][et_pb_section admin_label=&#8221;section&#8221;][et_pb_row admin_label=&#8221;row&#8221;][et_pb_column type=&#8221;1_2&#8243;][et_pb_text admin_label=&#8221;Text&#8221; background_layout=&#8221;light&#8221; text_orientation=&#8221;left&#8221; use_border_color=&#8221;off&#8221; border_color=&#8221;#ffffff&#8221; border_style=&#8221;solid&#8221; saved_tabs=&#8221;all&#8221;] \u00a0La compa\u00f1\u00eda SEC es una cooperativa de t\u00e9cnicos con experiencia en el sector [&hellip;]<\/p>\n","protected":false},"author":1,"featured_media":0,"parent":0,"menu_order":0,"comment_status":"closed","ping_status":"closed","template":"","meta":{"_et_pb_use_builder":"on","_et_pb_old_content":null,"_et_gb_content_width":""},"_links":{"self":[{"href":"https:\/\/secst.net\/index.php\/wp-json\/wp\/v2\/pages\/875"}],"collection":[{"href":"https:\/\/secst.net\/index.php\/wp-json\/wp\/v2\/pages"}],"about":[{"href":"https:\/\/secst.net\/index.php\/wp-json\/wp\/v2\/types\/page"}],"author":[{"embeddable":true,"href":"https:\/\/secst.net\/index.php\/wp-json\/wp\/v2\/users\/1"}],"replies":[{"embeddable":true,"href":"https:\/\/secst.net\/index.php\/wp-json\/wp\/v2\/comments?post=875"}],"version-history":[{"count":1,"href":"https:\/\/secst.net\/index.php\/wp-json\/wp\/v2\/pages\/875\/revisions"}],"predecessor-version":[{"id":876,"href":"https:\/\/secst.net\/index.php\/wp-json\/wp\/v2\/pages\/875\/revisions\/876"}],"wp:attachment":[{"href":"https:\/\/secst.net\/index.php\/wp-json\/wp\/v2\/media?parent=875"}],"curies":[{"name":"wp","href":"https:\/\/api.w.org\/{rel}","templated":true}]}}