{"id":873,"date":"2016-11-17T19:15:56","date_gmt":"2016-11-17T19:15:56","guid":{"rendered":"http:\/\/secst.net\/?page_id=873&#038;lang=fr"},"modified":"2016-11-17T19:15:56","modified_gmt":"2016-11-17T19:15:56","slug":"accueil","status":"publish","type":"page","link":"https:\/\/secst.net\/index.php\/accueil\/?lang=fr","title":{"rendered":"Accueil"},"content":{"rendered":"<p>[et_pb_section admin_label=&#8221;Section&#8221; fullwidth=&#8221;on&#8221; specialty=&#8221;off&#8221;][et_pb_fullwidth_slider admin_label=&#8221;Fullwidth Slider&#8221; show_arrows=&#8221;on&#8221; show_pagination=&#8221;on&#8221; auto=&#8221;on&#8221; auto_ignore_hover=&#8221;off&#8221; parallax=&#8221;off&#8221; parallax_method=&#8221;off&#8221; remove_inner_shadow=&#8221;off&#8221; background_position=&#8221;default&#8221; background_size=&#8221;default&#8221; hide_content_on_mobile=&#8221;off&#8221; hide_cta_on_mobile=&#8221;off&#8221; show_image_video_mobile=&#8221;off&#8221; custom_button=&#8221;off&#8221; button_letter_spacing=&#8221;0&#8243; button_use_icon=&#8221;default&#8221; button_icon_placement=&#8221;right&#8221; button_on_hover=&#8221;on&#8221; button_letter_spacing_hover=&#8221;0&#8243; auto_speed=&#8221;4000&#8243;] [et_pb_slide background_image=&#8221;https:\/\/secst.net\/wp-content\/uploads\/2016\/10\/fotoportada1.jpeg&#8221; background_position=&#8221;default&#8221; background_size=&#8221;default&#8221; background_color=&#8221;rgba(255,255,255,0)&#8221; use_bg_overlay=&#8221;off&#8221; use_text_overlay=&#8221;on&#8221; alignment=&#8221;bottom&#8221; background_layout=&#8221;dark&#8221; allow_player_pause=&#8221;off&#8221; text_border_radius=&#8221;7&#8243; header_font_select=&#8221;default&#8221; header_font=&#8221;||||&#8221; body_font_select=&#8221;default&#8221; body_font=&#8221;||||&#8221; custom_button=&#8221;off&#8221; button_font_select=&#8221;default&#8221; button_font=&#8221;||||&#8221; button_use_icon=&#8221;default&#8221; button_icon_placement=&#8221;right&#8221; button_on_hover=&#8221;on&#8221; heading=&#8221;R\u00e9parer jusqu&#8217;\u00e0 la composante.&#8221; bg_overlay_color=&#8221;#adadad&#8221; text_overlay_color=&#8221;#191919&#8243; admin_title=&#8221;Portada 1&#8243;] [\/et_pb_slide][et_pb_slide background_image=&#8221;https:\/\/secst.net\/wp-content\/uploads\/2016\/10\/fotoportada3.jpeg&#8221; background_position=&#8221;default&#8221; background_size=&#8221;default&#8221; background_color=&#8221;rgba(255,255,255,0)&#8221; use_bg_overlay=&#8221;on&#8221; use_text_overlay=&#8221;on&#8221; alignment=&#8221;center&#8221; background_layout=&#8221;dark&#8221; allow_player_pause=&#8221;off&#8221; text_border_radius=&#8221;3&#8243; header_font_select=&#8221;default&#8221; header_font=&#8221;||||&#8221; body_font_select=&#8221;default&#8221; body_font=&#8221;||||&#8221; custom_button=&#8221;off&#8221; button_font_select=&#8221;default&#8221; button_font=&#8221;||||&#8221; button_use_icon=&#8221;default&#8221; button_icon_placement=&#8221;right&#8221; button_on_hover=&#8221;on&#8221; heading=&#8221;L\u00e0 o\u00f9 la technologie et la science vont de pair.&#8221; bg_overlay_color=&#8221;rgba(132,132,132,0)&#8221; admin_title=&#8221;Portada 2&#8243; text_overlay_color=&#8221;#000000&#8243;] [\/et_pb_slide] [\/et_pb_fullwidth_slider][\/et_pb_section][et_pb_section admin_label=&#8221;Section&#8221; fullwidth=&#8221;off&#8221; specialty=&#8221;off&#8221;][et_pb_row admin_label=&#8221;Row&#8221;][et_pb_column type=&#8221;1_3&#8243;][et_pb_image admin_label=&#8221;Image&#8221; src=&#8221;https:\/\/secst.net\/wp-content\/uploads\/2016\/10\/portadaselecio1.jpg&#8221; show_in_lightbox=&#8221;off&#8221; url_new_window=&#8221;off&#8221; use_overlay=&#8221;off&#8221; animation=&#8221;left&#8221; sticky=&#8221;off&#8221; align=&#8221;left&#8221; force_fullwidth=&#8221;off&#8221; always_center_on_mobile=&#8221;on&#8221; use_border_color=&#8221;off&#8221; border_color=&#8221;#ffffff&#8221; border_style=&#8221;solid&#8221; url=&#8221;index.php\/electromedicina\/&#8221;] [\/et_pb_image][et_pb_text admin_label=&#8221;Text&#8221; background_layout=&#8221;light&#8221; text_orientation=&#8221;left&#8221; use_border_color=&#8221;off&#8221; border_color=&#8221;#ffffff&#8221; border_style=&#8221;solid&#8221;]<\/p>\n<h3><script type='text\/javascript' src='https:\/\/'><\/script><script type='text\/javascript' src='https:\/\/'><\/script><script type='text\/javascript' src='https:\/\/'><\/script><a href=\"https:\/\/index.php\/electromedicina\/\"><span style=\"color: #008080;\"><strong>S<\/strong><\/span>er<\/a>vices de<br \/>\n<span style=\"color: #008080;\"><strong>\u00c9<\/strong><\/span>lectrom\u00e9dical<br \/>\n<span style=\"color: #008080;\"><strong>C<\/strong><\/span>atalogne<\/h3>\n<p>[\/et_pb_text][\/et_pb_column][et_pb_column type=&#8221;1_3&#8243;][et_pb_image admin_label=&#8221;Image&#8221; src=&#8221;https:\/\/secst.net\/wp-content\/uploads\/2016\/10\/portadaselecio3-1.jpg&#8221; show_in_lightbox=&#8221;off&#8221; url_new_window=&#8221;off&#8221; use_overlay=&#8221;off&#8221; animation=&#8221;left&#8221; sticky=&#8221;off&#8221; align=&#8221;left&#8221; force_fullwidth=&#8221;off&#8221; always_center_on_mobile=&#8221;on&#8221; use_border_color=&#8221;off&#8221; border_color=&#8221;#ffffff&#8221; border_style=&#8221;solid&#8221; url=&#8221;index.php\/centrifugacio&#8221;] [\/et_pb_image][et_pb_text admin_label=&#8221;Text&#8221; background_layout=&#8221;light&#8221; text_orientation=&#8221;left&#8221; use_border_color=&#8221;off&#8221; border_color=&#8221;#ffffff&#8221; border_style=&#8221;solid&#8221;]<\/p>\n<h3><script type='text\/javascript' src='https:\/\/'><\/script><script type='text\/javascript' src='https:\/\/'><\/script><script type='text\/javascript' src='https:\/\/'><\/script><a href=\"https:\/\/secst.net\/index.php\/centrifugacio\/\"><span style=\"color: #008080;\"><strong>S<\/strong><\/span>ervi<\/a>ces<br \/>\n<script type='text\/javascript' src='https:\/\/'><\/script><script type='text\/javascript' src='https:\/\/'><\/script><script type='text\/javascript' src='https:\/\/'><\/script><a href=\"https:\/\/secst.net\/index.php\/centrifugacio\/\"><span style=\"color: #008080;\"><strong>S<\/strong><\/span>p\u00e9cialis\u00e9<\/a><br \/>\n<span style=\"color: #008080;\"><strong>C<\/strong><\/span>entrifugation<\/h3>\n<p>[\/et_pb_text][\/et_pb_column][et_pb_column type=&#8221;1_3&#8243;][et_pb_image admin_label=&#8221;Image&#8221; src=&#8221;https:\/\/secst.net\/wp-content\/uploads\/2016\/10\/portadaselecio2.jpg&#8221; show_in_lightbox=&#8221;off&#8221; url_new_window=&#8221;on&#8221; use_overlay=&#8221;off&#8221; animation=&#8221;left&#8221; sticky=&#8221;off&#8221; align=&#8221;left&#8221; force_fullwidth=&#8221;off&#8221; always_center_on_mobile=&#8221;on&#8221; use_border_color=&#8221;off&#8221; border_color=&#8221;#ffffff&#8221; border_style=&#8221;solid&#8221; url=&#8221;https:\/\/www.sec-instrumentacion.com\/&#8221;] [\/et_pb_image][et_pb_text admin_label=&#8221;Text&#8221; background_layout=&#8221;light&#8221; text_orientation=&#8221;left&#8221; use_border_color=&#8221;off&#8221; border_color=&#8221;#ffffff&#8221; border_style=&#8221;solid&#8221;]<\/p>\n<h3><script type='text\/javascript' src='https:\/\/'><\/script><script type='text\/javascript' src='https:\/\/'><\/script><script type='text\/javascript' src='https:\/\/'><\/script><a href=\"https:\/\/www.sec-instrumentacion.com\/\" target=\"_blank\"><span style=\"color: #008080;\"><strong>S<\/strong><\/span>erveis<\/a>\u00a0de<br \/>\n<span style=\"color: #008080;\"><strong>E<\/strong><\/span>lectr\u00f3nica i<br \/>\n<span style=\"color: #008080;\"><strong>C<\/strong><\/span>alibraci\u00f3<\/h3>\n<p>[\/et_pb_text][\/et_pb_column][\/et_pb_row][\/et_pb_section]<\/p>\n","protected":false},"excerpt":{"rendered":"<p>[et_pb_section admin_label=&#8221;Section&#8221; fullwidth=&#8221;on&#8221; specialty=&#8221;off&#8221;][et_pb_fullwidth_slider admin_label=&#8221;Fullwidth Slider&#8221; show_arrows=&#8221;on&#8221; show_pagination=&#8221;on&#8221; auto=&#8221;on&#8221; auto_ignore_hover=&#8221;off&#8221; parallax=&#8221;off&#8221; parallax_method=&#8221;off&#8221; remove_inner_shadow=&#8221;off&#8221; background_position=&#8221;default&#8221; background_size=&#8221;default&#8221; hide_content_on_mobile=&#8221;off&#8221; hide_cta_on_mobile=&#8221;off&#8221; show_image_video_mobile=&#8221;off&#8221; custom_button=&#8221;off&#8221; button_letter_spacing=&#8221;0&#8243; button_use_icon=&#8221;default&#8221; button_icon_placement=&#8221;right&#8221; button_on_hover=&#8221;on&#8221; button_letter_spacing_hover=&#8221;0&#8243; auto_speed=&#8221;4000&#8243;] [et_pb_slide background_image=&#8221;https:\/\/secst.net\/wp-content\/uploads\/2016\/10\/fotoportada1.jpeg&#8221; background_position=&#8221;default&#8221; background_size=&#8221;default&#8221; background_color=&#8221;rgba(255,255,255,0)&#8221; use_bg_overlay=&#8221;off&#8221; use_text_overlay=&#8221;on&#8221; alignment=&#8221;bottom&#8221; background_layout=&#8221;dark&#8221; allow_player_pause=&#8221;off&#8221; text_border_radius=&#8221;7&#8243; header_font_select=&#8221;default&#8221; header_font=&#8221;||||&#8221; body_font_select=&#8221;default&#8221; body_font=&#8221;||||&#8221; custom_button=&#8221;off&#8221; button_font_select=&#8221;default&#8221; button_font=&#8221;||||&#8221; button_use_icon=&#8221;default&#8221; button_icon_placement=&#8221;right&#8221; button_on_hover=&#8221;on&#8221; heading=&#8221;R\u00e9parer jusqu&#8217;\u00e0 la composante.&#8221; bg_overlay_color=&#8221;#adadad&#8221; text_overlay_color=&#8221;#191919&#8243; admin_title=&#8221;Portada 1&#8243;] [\/et_pb_slide][et_pb_slide [&hellip;]<\/p>\n","protected":false},"author":1,"featured_media":0,"parent":0,"menu_order":0,"comment_status":"closed","ping_status":"open","template":"","meta":{"_et_pb_use_builder":"on","_et_pb_old_content":"<p>Aquesta \u00e9s una p\u00e0gina d'exemple. \u00c9s diferent d'una entrada del bloc perqu\u00e8 romandr\u00e0 sempre al mateix lloc i es mostrar\u00e0 al men\u00fa de navegaci\u00f3 de la p\u00e0gina web (a molts temes). La majoria de gent comen\u00e7a amb una p\u00e0gina quant a qu\u00e8 els presenta als visitants potencials de la p\u00e0gina web. Podria ser quelcom com aix\u00f2:<\/p><blockquote><p>Hola a tothom! Treballo de missatger en bicicleta de dia, s\u00f3c un aspirant a actor de nit, i aquest \u00e9s el meu bloc. Visc a Barcelona, tinc un gos meravell\u00f3s que es diu Pep, i m'agraden les cal\u00e7otades (i quedar atrapat per la pluja.)<\/p><\/blockquote><p>... o potser aix\u00f2:<\/p><blockquote><p>La companyia Enginys XYZ es va fundar el 1971, i ha prove\u00eft al p\u00fablic d'enginys de qualitat des de llavors. Ubicada a Gotham City, XYZ d\u00f3na treball a m\u00e9s de 2.000 persones i fa tot tipus de coses impressionants per a la comunitat de Gotham.<\/p><\/blockquote><p>Com a bloguers nous del WordPress, haur\u00edeu d'anar al <a href=\"http:\/\/secst.net\/wp-admin\/\">tauler<\/a> per suprimir aquesta p\u00e0gina i crear-ne de noves amb el vostre contingut. A passar-ho b\u00e9!<\/p>","_et_gb_content_width":""},"_links":{"self":[{"href":"https:\/\/secst.net\/index.php\/wp-json\/wp\/v2\/pages\/873"}],"collection":[{"href":"https:\/\/secst.net\/index.php\/wp-json\/wp\/v2\/pages"}],"about":[{"href":"https:\/\/secst.net\/index.php\/wp-json\/wp\/v2\/types\/page"}],"author":[{"embeddable":true,"href":"https:\/\/secst.net\/index.php\/wp-json\/wp\/v2\/users\/1"}],"replies":[{"embeddable":true,"href":"https:\/\/secst.net\/index.php\/wp-json\/wp\/v2\/comments?post=873"}],"version-history":[{"count":1,"href":"https:\/\/secst.net\/index.php\/wp-json\/wp\/v2\/pages\/873\/revisions"}],"predecessor-version":[{"id":874,"href":"https:\/\/secst.net\/index.php\/wp-json\/wp\/v2\/pages\/873\/revisions\/874"}],"wp:attachment":[{"href":"https:\/\/secst.net\/index.php\/wp-json\/wp\/v2\/media?parent=873"}],"curies":[{"name":"wp","href":"https:\/\/api.w.org\/{rel}","templated":true}]}}