{"id":727,"date":"2016-10-28T15:03:38","date_gmt":"2016-10-28T15:03:38","guid":{"rendered":"http:\/\/secst.net\/index.php\/enginyeria\/?lang=es"},"modified":"2016-11-14T17:52:25","modified_gmt":"2016-11-14T17:52:25","slug":"enginyeria","status":"publish","type":"page","link":"https:\/\/secst.net\/index.php\/enginyeria\/?lang=es","title":{"rendered":"Ingenier\u00eda"},"content":{"rendered":"<p>[et_pb_section admin_label=&#8221;Section&#8221; fullwidth=&#8221;on&#8221; specialty=&#8221;off&#8221;][et_pb_fullwidth_header admin_label=&#8221;Fullwidth Header&#8221; title=&#8221;Ingenier\u00eda&#8221; background_layout=&#8221;light&#8221; text_orientation=&#8221;left&#8221; header_fullscreen=&#8221;off&#8221; header_scroll_down=&#8221;off&#8221; background_url=&#8221;https:\/\/secst.net\/wp-content\/uploads\/2016\/10\/enginyeria.jpg&#8221; parallax=&#8221;off&#8221; parallax_method=&#8221;off&#8221; content_orientation=&#8221;center&#8221; image_orientation=&#8221;center&#8221; custom_button_one=&#8221;off&#8221; button_one_letter_spacing=&#8221;0&#8243; button_one_use_icon=&#8221;default&#8221; button_one_icon_placement=&#8221;right&#8221; button_one_on_hover=&#8221;on&#8221; button_one_letter_spacing_hover=&#8221;0&#8243; custom_button_two=&#8221;off&#8221; button_two_letter_spacing=&#8221;0&#8243; button_two_use_icon=&#8221;default&#8221; button_two_icon_placement=&#8221;right&#8221; button_two_on_hover=&#8221;on&#8221; button_two_letter_spacing_hover=&#8221;0&#8243; title_font_color=&#8221;#ffffff&#8221; title_font=&#8221;|on|||&#8221; title_font_size=&#8221;40px&#8221;] [\/et_pb_fullwidth_header][\/et_pb_section][et_pb_section admin_label=&#8221;Section&#8221; fullwidth=&#8221;off&#8221; specialty=&#8221;off&#8221;][et_pb_row admin_label=&#8221;Row&#8221;][et_pb_column type=&#8221;4_4&#8243;][et_pb_tabs admin_label=&#8221;Tabs&#8221; use_border_color=&#8221;off&#8221; border_color=&#8221;#ffffff&#8221; border_style=&#8221;solid&#8221;] [et_pb_tab title=&#8221;Dise\u00f1o a medida&#8221; tab_font_select=&#8221;default&#8221; tab_font=&#8221;||||&#8221; tab_line_height=&#8221;2em&#8221; tab_line_height_tablet=&#8221;2em&#8221; tab_line_height_phone=&#8221;2em&#8221; body_font_select=&#8221;default&#8221; body_font=&#8221;||||&#8221; body_line_height=&#8221;2em&#8221; body_line_height_tablet=&#8221;2em&#8221; body_line_height_phone=&#8221;2em&#8221;]<\/p>\n<p><img loading=\"lazy\" class=\"size-medium wp-image-261 alignleft\" src=\"https:\/\/secst.net\/wp-content\/uploads\/2016\/10\/esquema-300x179.jpg\" alt=\"esquema\" width=\"300\" height=\"179\" srcset=\"https:\/\/secst.net\/wp-content\/uploads\/2016\/10\/esquema-300x179.jpg 300w, https:\/\/secst.net\/wp-content\/uploads\/2016\/10\/esquema-768x459.jpg 768w, https:\/\/secst.net\/wp-content\/uploads\/2016\/10\/esquema-1024x612.jpg 1024w, https:\/\/secst.net\/wp-content\/uploads\/2016\/10\/esquema-510x305.jpg 510w, https:\/\/secst.net\/wp-content\/uploads\/2016\/10\/esquema-1080x645.jpg 1080w, https:\/\/secst.net\/wp-content\/uploads\/2016\/10\/esquema.jpg 1568w\" sizes=\"(max-width: 300px) 100vw, 300px\" \/><\/p>\n<p>Los dise\u00f1os a medida, bajo las ideas de nuestros clientes y las necesidades de instrumentaci\u00f3n que algunos m\u00e9dicos o especialistas de la salud requieren.<\/p>\n<p>Organizar un nuevo equipo de ingenieros de I+D es algo muy costoso y generalmente parte de ingenieros j\u00f3venes con gran talento pero sin la experiencia necesaria para finalizar un proyecto con \u00e9xito.<\/p>\n<p>En SEC ofrecemos un equipo de ingenieros en I+D j\u00f3venes y entusiastas con la ayuda de t\u00e9cnicos con experiencia, formando el equipo ideal para poder realizar su proyecto con garant\u00edas de \u00e9xito.<\/p>\n<p>El inicio de cualquier proyecto y su orientaci\u00f3n, competencia y mercado es esencial para poder lograr con \u00e9xito al final del proyecto.<\/p>\n<p>Es dif\u00edcil poder lograr una cuota de mercado interesante si se dise\u00f1an equipos con las mismas caracter\u00edsticas que los equipos ya existentes. Hay que mejorar el producto con nuevas funciones interesantes para el mercado y ofrecer mejoras de fiabilidad, portabilidad, coste razonable para poder entrar con un nuevo producto en el mercado.<\/p>\n<p>Los contratos de confidencialidad acordados al inicio de cualquier proyecto, le garantizan que sus ideas o proyectos ser\u00e1n exclusivamente de su propiedad.<\/p>\n<p>P\u00f3ngase en contacto con nosotros con unas premisas iniciales, para realizarle un presupuesto o ll\u00e1menos para intercambiar impresiones.<\/p>\n<p>[\/et_pb_tab][et_pb_tab title=&#8221;Pruebas espec\u00edficas de prototipos para medicina&#8221; tab_font_select=&#8221;default&#8221; tab_font=&#8221;||||&#8221; tab_line_height=&#8221;2em&#8221; tab_line_height_tablet=&#8221;2em&#8221; tab_line_height_phone=&#8221;2em&#8221; body_font_select=&#8221;default&#8221; body_font=&#8221;||||&#8221; body_line_height=&#8221;2em&#8221; body_line_height_tablet=&#8221;2em&#8221; body_line_height_phone=&#8221;2em&#8221;]<\/p>\n<p><img loading=\"lazy\" class=\"size-medium wp-image-260 alignleft\" src=\"https:\/\/secst.net\/wp-content\/uploads\/2016\/10\/asseroramiento1-300x199.jpg\" alt=\"asseroramiento1\" width=\"300\" height=\"199\" srcset=\"https:\/\/secst.net\/wp-content\/uploads\/2016\/10\/asseroramiento1-300x199.jpg 300w, https:\/\/secst.net\/wp-content\/uploads\/2016\/10\/asseroramiento1-768x508.jpg 768w, https:\/\/secst.net\/wp-content\/uploads\/2016\/10\/asseroramiento1-1024x678.jpg 1024w, https:\/\/secst.net\/wp-content\/uploads\/2016\/10\/asseroramiento1-510x338.jpg 510w, https:\/\/secst.net\/wp-content\/uploads\/2016\/10\/asseroramiento1-1080x715.jpg 1080w, https:\/\/secst.net\/wp-content\/uploads\/2016\/10\/asseroramiento1.jpg 1920w\" sizes=\"(max-width: 300px) 100vw, 300px\" \/>SEC ofrece la posibilidad de realizar pruebas funcionales a los nuevos prototipos de equipos dise\u00f1ados por su empresa u organizaci\u00f3n.<\/p>\n<p>La experiencia del mantenimiento de equipos m\u00e9dicos y sus revisiones peri\u00f3dicas, la dotaci\u00f3n de instrumentaci\u00f3n espec\u00edfica para estas revisiones, nos da la posibilidad de ofrecer estos servicios tan especializados.<\/p>\n<p>Una detecci\u00f3n inicial de peque\u00f1os fallos en el dise\u00f1o final puede ahorrar muchos problemas y posibles modificaciones con un elevado coste.<\/p>\n<p>La frase \u201cven m\u00e1s cuatro ojos que dos\u201d es tan evidente que no requiere explicaciones.<\/p>\n<p>En SEC un grupo de tres ingenieros especialistas en Electromedicina puede realizar una revisi\u00f3n completa de sus prototipos y dise\u00f1os, anotando posibles fallos y soluciones al conjunto del dise\u00f1o; todo ello con un coste muy razonable, que les ayudar\u00e1 a mejorar la calidad y la rentabilidad de la producci\u00f3n de sus nuevos equipos.<\/p>\n<p>La calidad final del producto es lo que nos dar\u00e1 el \u00e9xito que buscamos.<\/p>\n<p>La experiencia de los defectos t\u00edpicos o aver\u00edas repetitivas en equipos m\u00e9dicos, nos ayudar\u00e1 a encontrar con cierta facilidad los puntos donde su prototipo o dise\u00f1o puede llegar a fallar despu\u00e9s de un uso intensivo. Generalmente esta experiencia solo se logra despu\u00e9s de que los equipos lleven algunos a\u00f1os en el mercado y evidentemente es mucho m\u00e1s econ\u00f3mico una prevenci\u00f3n inicial que reparaciones posteriores.<\/p>\n<p>[\/et_pb_tab][et_pb_tab title=&#8221;Asesoramiento y orientaci\u00f3n en proyectos hospitalarios&#8221; tab_font_select=&#8221;default&#8221; tab_font=&#8221;||||&#8221; tab_line_height=&#8221;2em&#8221; tab_line_height_tablet=&#8221;2em&#8221; tab_line_height_phone=&#8221;2em&#8221; body_font_select=&#8221;default&#8221; body_font=&#8221;||||&#8221; body_line_height=&#8221;2em&#8221; body_line_height_tablet=&#8221;2em&#8221; body_line_height_phone=&#8221;2em&#8221;]<\/p>\n<p><img loading=\"lazy\" class=\"size-medium wp-image-259 alignleft\" src=\"https:\/\/secst.net\/wp-content\/uploads\/2016\/10\/asesoramiento-300x200.jpg\" alt=\"asesoramiento\" width=\"300\" height=\"200\" srcset=\"https:\/\/secst.net\/wp-content\/uploads\/2016\/10\/asesoramiento-300x200.jpg 300w, https:\/\/secst.net\/wp-content\/uploads\/2016\/10\/asesoramiento-768x512.jpg 768w, https:\/\/secst.net\/wp-content\/uploads\/2016\/10\/asesoramiento-1024x682.jpg 1024w, https:\/\/secst.net\/wp-content\/uploads\/2016\/10\/asesoramiento-510x340.jpg 510w, https:\/\/secst.net\/wp-content\/uploads\/2016\/10\/asesoramiento-1080x719.jpg 1080w, https:\/\/secst.net\/wp-content\/uploads\/2016\/10\/asesoramiento.jpg 1698w\" sizes=\"(max-width: 300px) 100vw, 300px\" \/><\/p>\n<p>El dise\u00f1o de un nuevo hospital o una nueva estructura es de vital importancia. El espacio para las nuevas instalaciones necesarias para poder disponer de un hospital adaptable a las nuevas tecnolog\u00edas es ya una obligaci\u00f3n y que hay que planificar para evitar reformas en un futuro inmediato y obras innecesarias si desde un inicio toda la estructura hospitalaria se ha planificado adecuadamente.<\/p>\n<p>La experiencia en este \u00e1mbito es b\u00e1sica, y el trabajo de a\u00f1os en recintos hospitalarios, viendo y observando los errores y reformas, nos ha dado la experiencia y los conocimientos para no errar; sobre todo en el dise\u00f1o de las instalaciones de agua, desag\u00fces,\u00a0 electricidad, gases medicinales, comunicaciones fijas e inal\u00e1mbricas, calefacci\u00f3n y circulaci\u00f3n de aire filtrado y extracci\u00f3n.<\/p>\n<p>La complejidad de las instalaciones quir\u00fargicas, su f\u00e1cil revisi\u00f3n, su mantenimiento y evidentemente su seguridad, son par\u00e1metros complejos para la mayor\u00eda de arquitectos.<\/p>\n<p>Desde SEC, contamos con el grupo de arquitectos encabezados por el Sr. Raim\u00f3n Salom\u00f3 Comes y asesorado por los ingenieros de la empresa, para que en el proyecto final no haya problemas estructurales de instalaciones dif\u00edciles de solucionar a posteriori.<\/p>\n<p>Evidentemente, desde SEC tambi\u00e9n les podemos ayudar en las reformas necesarias que requiera su hospital.<\/p>\n<p>[\/et_pb_tab] [\/et_pb_tabs][\/et_pb_column][\/et_pb_row][\/et_pb_section]<\/p>\n","protected":false},"excerpt":{"rendered":"<p>[et_pb_section admin_label=&#8221;Section&#8221; fullwidth=&#8221;on&#8221; specialty=&#8221;off&#8221;][et_pb_fullwidth_header admin_label=&#8221;Fullwidth Header&#8221; title=&#8221;Ingenier\u00eda&#8221; background_layout=&#8221;light&#8221; text_orientation=&#8221;left&#8221; header_fullscreen=&#8221;off&#8221; header_scroll_down=&#8221;off&#8221; background_url=&#8221;https:\/\/secst.net\/wp-content\/uploads\/2016\/10\/enginyeria.jpg&#8221; parallax=&#8221;off&#8221; parallax_method=&#8221;off&#8221; content_orientation=&#8221;center&#8221; image_orientation=&#8221;center&#8221; custom_button_one=&#8221;off&#8221; button_one_letter_spacing=&#8221;0&#8243; button_one_use_icon=&#8221;default&#8221; button_one_icon_placement=&#8221;right&#8221; button_one_on_hover=&#8221;on&#8221; button_one_letter_spacing_hover=&#8221;0&#8243; custom_button_two=&#8221;off&#8221; button_two_letter_spacing=&#8221;0&#8243; button_two_use_icon=&#8221;default&#8221; button_two_icon_placement=&#8221;right&#8221; button_two_on_hover=&#8221;on&#8221; button_two_letter_spacing_hover=&#8221;0&#8243; title_font_color=&#8221;#ffffff&#8221; title_font=&#8221;|on|||&#8221; title_font_size=&#8221;40px&#8221;] [\/et_pb_fullwidth_header][\/et_pb_section][et_pb_section admin_label=&#8221;Section&#8221; fullwidth=&#8221;off&#8221; specialty=&#8221;off&#8221;][et_pb_row admin_label=&#8221;Row&#8221;][et_pb_column type=&#8221;4_4&#8243;][et_pb_tabs admin_label=&#8221;Tabs&#8221; use_border_color=&#8221;off&#8221; border_color=&#8221;#ffffff&#8221; border_style=&#8221;solid&#8221;] [et_pb_tab title=&#8221;Dise\u00f1o a medida&#8221; tab_font_select=&#8221;default&#8221; tab_font=&#8221;||||&#8221; tab_line_height=&#8221;2em&#8221; tab_line_height_tablet=&#8221;2em&#8221; tab_line_height_phone=&#8221;2em&#8221; body_font_select=&#8221;default&#8221; body_font=&#8221;||||&#8221; body_line_height=&#8221;2em&#8221; body_line_height_tablet=&#8221;2em&#8221; body_line_height_phone=&#8221;2em&#8221;] [&hellip;]<\/p>\n","protected":false},"author":1,"featured_media":0,"parent":0,"menu_order":0,"comment_status":"closed","ping_status":"closed","template":"","meta":{"_et_pb_use_builder":"on","_et_pb_old_content":"","_et_gb_content_width":""},"_links":{"self":[{"href":"https:\/\/secst.net\/index.php\/wp-json\/wp\/v2\/pages\/727"}],"collection":[{"href":"https:\/\/secst.net\/index.php\/wp-json\/wp\/v2\/pages"}],"about":[{"href":"https:\/\/secst.net\/index.php\/wp-json\/wp\/v2\/types\/page"}],"author":[{"embeddable":true,"href":"https:\/\/secst.net\/index.php\/wp-json\/wp\/v2\/users\/1"}],"replies":[{"embeddable":true,"href":"https:\/\/secst.net\/index.php\/wp-json\/wp\/v2\/comments?post=727"}],"version-history":[{"count":2,"href":"https:\/\/secst.net\/index.php\/wp-json\/wp\/v2\/pages\/727\/revisions"}],"predecessor-version":[{"id":729,"href":"https:\/\/secst.net\/index.php\/wp-json\/wp\/v2\/pages\/727\/revisions\/729"}],"wp:attachment":[{"href":"https:\/\/secst.net\/index.php\/wp-json\/wp\/v2\/media?parent=727"}],"curies":[{"name":"wp","href":"https:\/\/api.w.org\/{rel}","templated":true}]}}