{"id":716,"date":"2016-11-14T17:29:55","date_gmt":"2016-11-14T17:29:55","guid":{"rendered":"http:\/\/secst.net\/?page_id=716&#038;lang=es"},"modified":"2016-11-14T17:29:55","modified_gmt":"2016-11-14T17:29:55","slug":"electromedicina","status":"publish","type":"page","link":"https:\/\/secst.net\/index.php\/electromedicina\/?lang=es","title":{"rendered":"Electromedicina"},"content":{"rendered":"<p>[et_pb_section admin_label=&#8221;Section&#8221; fullwidth=&#8221;on&#8221; specialty=&#8221;off&#8221;][et_pb_fullwidth_header admin_label=&#8221;Fullwidth Header&#8221; title=&#8221;Electromedicina&#8221; background_layout=&#8221;light&#8221; text_orientation=&#8221;left&#8221; header_fullscreen=&#8221;off&#8221; header_scroll_down=&#8221;off&#8221; background_url=&#8221;https:\/\/secst.net\/wp-content\/uploads\/2016\/10\/serveis.jpg&#8221; parallax=&#8221;off&#8221; parallax_method=&#8221;off&#8221; content_orientation=&#8221;center&#8221; image_orientation=&#8221;center&#8221; custom_button_one=&#8221;off&#8221; button_one_letter_spacing=&#8221;0&#8243; button_one_use_icon=&#8221;default&#8221; button_one_icon_placement=&#8221;right&#8221; button_one_on_hover=&#8221;on&#8221; button_one_letter_spacing_hover=&#8221;0&#8243; custom_button_two=&#8221;off&#8221; button_two_letter_spacing=&#8221;0&#8243; button_two_use_icon=&#8221;default&#8221; button_two_icon_placement=&#8221;right&#8221; button_two_on_hover=&#8221;on&#8221; button_two_letter_spacing_hover=&#8221;0&#8243; title_font_color=&#8221;#ffffff&#8221; title_font=&#8221;|on|||&#8221; title_font_size=&#8221;40px&#8221;]<\/p>\n<p>&nbsp;<\/p>\n<p>&nbsp;<\/p>\n<p>[\/et_pb_fullwidth_header][\/et_pb_section][et_pb_section admin_label=&#8221;section&#8221;][et_pb_row admin_label=&#8221;row&#8221;][et_pb_column type=&#8221;2_3&#8243;][et_pb_text admin_label=&#8221;Text&#8221; background_layout=&#8221;light&#8221; text_orientation=&#8221;left&#8221; use_border_color=&#8221;off&#8221; border_color=&#8221;#ffffff&#8221; border_style=&#8221;solid&#8221;]<\/p>\n<p>De los servicios ofrecidos, el mantenimiento tiene como finalidad primordial la maximizaci\u00f3n la vida \u00fatil de todos los equipos e instalaciones, en perfectas condiciones para el uso, y garantizando en todo momento la seguridad de las personas.<\/p>\n<p><span lang=\"ES\">Para ello, los protocolos de mantenimiento preventivo, correctivo, revisiones de tipo legal, etc., se efectuar\u00e1n de acuerdo con las instrucciones\/recomendaciones del fabricante de los equipos y la normativa vigente.<\/span><\/p>\n<p><span lang=\"ES\">El mantenimiento de equipos e instalaciones se centrar\u00e1 en su puesta a punto y seguimiento, garantizando as\u00ed su correcto funcionamiento, as\u00ed como una posible mejora de los mismos.<\/span><\/p>\n<p><span lang=\"ES\">La gesti\u00f3n de las garant\u00edas de todos y cada uno de los equipos de nueva adquisici\u00f3n, as\u00ed como el asesoramiento t\u00e9cnico y desarrollo de informes de exigencia de garant\u00edas a los fabricantes, se encuadran dentro de nuestro portfolio de actividades.<\/span><\/p>\n<p>&nbsp;<\/p>\n<p>[\/et_pb_text][\/et_pb_column][et_pb_column type=&#8221;1_3&#8243;][et_pb_slider admin_label=&#8221;Slider&#8221; show_arrows=&#8221;on&#8221; show_pagination=&#8221;on&#8221; auto=&#8221;off&#8221; auto_ignore_hover=&#8221;off&#8221; parallax=&#8221;off&#8221; parallax_method=&#8221;off&#8221; remove_inner_shadow=&#8221;off&#8221; background_position=&#8221;default&#8221; background_size=&#8221;default&#8221; hide_content_on_mobile=&#8221;off&#8221; hide_cta_on_mobile=&#8221;off&#8221; show_image_video_mobile=&#8221;off&#8221; custom_button=&#8221;off&#8221; button_letter_spacing=&#8221;0&#8243; button_use_icon=&#8221;default&#8221; button_icon_placement=&#8221;right&#8221; button_on_hover=&#8221;on&#8221; button_letter_spacing_hover=&#8221;0&#8243;]<\/p>\n<p>[et_pb_slide heading=&#8221;Citrex &#8211; Analizador de respiradores&#8221; background_position=&#8221;default&#8221; background_size=&#8221;default&#8221; background_color=&#8221;#ffffff&#8221; use_bg_overlay=&#8221;on&#8221; use_text_overlay=&#8221;off&#8221; alignment=&#8221;center&#8221; background_layout=&#8221;light&#8221; allow_player_pause=&#8221;off&#8221; text_border_radius=&#8221;11&#8243; header_font_select=&#8221;default&#8221; header_font=&#8221;||||&#8221; body_font_select=&#8221;default&#8221; body_font=&#8221;||||&#8221; custom_button=&#8221;off&#8221; button_font_select=&#8221;default&#8221; button_font=&#8221;||||&#8221; button_use_icon=&#8221;default&#8221; button_icon_placement=&#8221;right&#8221; button_on_hover=&#8221;on&#8221; image=&#8221;https:\/\/secst.net\/wp-content\/uploads\/2016\/11\/Citrex-recortado.png&#8221; bg_overlay_color=&#8221;#ffffff&#8221;] [\/et_pb_slide][et_pb_slide heading=&#8221;VPad &#8211; Simulador ECG&#8221; background_position=&#8221;default&#8221; background_size=&#8221;default&#8221; background_color=&#8221;#ffffff&#8221; use_bg_overlay=&#8221;on&#8221; use_text_overlay=&#8221;off&#8221; alignment=&#8221;center&#8221; background_layout=&#8221;light&#8221; allow_player_pause=&#8221;off&#8221; text_border_radius=&#8221;3&#8243; header_font_select=&#8221;default&#8221; header_font=&#8221;||||&#8221; body_font_select=&#8221;default&#8221; body_font=&#8221;||||&#8221; custom_button=&#8221;off&#8221; button_font_select=&#8221;default&#8221; button_font=&#8221;||||&#8221; button_use_icon=&#8221;default&#8221; button_icon_placement=&#8221;right&#8221; button_on_hover=&#8221;on&#8221; image=&#8221;https:\/\/secst.net\/wp-content\/uploads\/2016\/10\/Datrend-VPAD-recortado.png&#8221; bg_overlay_color=&#8221;#ffffff&#8221;] [\/et_pb_slide][et_pb_slide heading=&#8221;Medidor UltraSonidos&#8221; background_position=&#8221;default&#8221; background_size=&#8221;default&#8221; background_color=&#8221;#ffffff&#8221; use_bg_overlay=&#8221;on&#8221; use_text_overlay=&#8221;off&#8221; alignment=&#8221;center&#8221; background_layout=&#8221;light&#8221; allow_player_pause=&#8221;off&#8221; text_border_radius=&#8221;3&#8243; header_font_select=&#8221;default&#8221; header_font=&#8221;||||&#8221; body_font_select=&#8221;default&#8221; body_font=&#8221;||||&#8221; custom_button=&#8221;off&#8221; button_font_select=&#8221;default&#8221; button_font=&#8221;||||&#8221; button_use_icon=&#8221;default&#8221; button_icon_placement=&#8221;right&#8221; button_on_hover=&#8221;on&#8221; image=&#8221;https:\/\/secst.net\/wp-content\/uploads\/2016\/10\/ultrasonidos.png&#8221; bg_overlay_color=&#8221;#ffffff&#8221;] [\/et_pb_slide]<\/p>\n<p>[\/et_pb_slider][\/et_pb_column][\/et_pb_row][et_pb_row admin_label=&#8221;Row&#8221;][et_pb_column type=&#8221;1_2&#8243;][et_pb_toggle admin_label=&#8221;Toggle&#8221; title=&#8221;Matenimiento Correctivo&#8221; open=&#8221;off&#8221; use_border_color=&#8221;off&#8221; border_color=&#8221;#ffffff&#8221; border_style=&#8221;solid&#8221;]<\/p>\n<p>&nbsp;<\/p>\n<p>El objetivo de este tipo de servicio es la reparaci\u00f3n de un equipo averiado, bas\u00e1ndose en cuatro ideas fundamentales:<\/p>\n<ul>\n<li>Control de las aver\u00edas que se produzcan, tanto en el per\u00edodo de garant\u00eda como fuera de \u00e9ste.<\/li>\n<li>An\u00e1lisis de las causas, soluciones correctivas y formas de ejecuci\u00f3n.<\/li>\n<li>Inspecci\u00f3n de trabajos realizados y asistencia en recepciones.<\/li>\n<li>Acciones consecuentes relativas al mantenimiento preventivo.<\/li>\n<\/ul>\n<p>&nbsp;<\/p>\n<p>[\/et_pb_toggle][et_pb_toggle admin_label=&#8221;Toggle&#8221; title=&#8221;Matenimiento Predictivo&#8221; open=&#8221;off&#8221; use_border_color=&#8221;off&#8221; border_color=&#8221;#ffffff&#8221; border_style=&#8221;solid&#8221;]<\/p>\n<p>Este tipo de mantenimiento consiste en estudiar la evoluci\u00f3n temporal de ciertos par\u00e1metros y asociarlos a la evoluci\u00f3n de fallos, para as\u00ed determinar en qu\u00e9 per\u00edodo de tiempo ese fallo va a tomar una relevancia importante, planificando todas las intervenciones con tiempo suficiente, para que ese fallo nunca tenga consecuencias graves.<\/p>\n<p>Una de las caracter\u00edsticas m\u00e1s importantes de este tipo de mantenimiento es que no debe alterar el funcionamiento normal de los equipos mientras se est\u00e1 aplicando.<\/p>\n<p>[\/et_pb_toggle][\/et_pb_column][et_pb_column type=&#8221;1_2&#8243;][et_pb_toggle admin_label=&#8221;Toggle&#8221; title=&#8221;Mantenimiento Preventivo&#8221; open=&#8221;off&#8221; use_border_color=&#8221;off&#8221; border_color=&#8221;#ffffff&#8221; border_style=&#8221;solid&#8221;]<\/p>\n<p>El fin que persigue este servicio es el control de los par\u00e1metros funcionales y la reducci\u00f3n de las aver\u00edas en los equipos, bas\u00e1ndose en seis ideas fundamentales:<\/p>\n<ul>\n<ul>\n<li>Adelantarse en el tiempo a las aver\u00edas.<\/li>\n<li>Control en la conservaci\u00f3n de los equipos.<\/li>\n<li>Cumplimiento de los programas de mantenimiento.<\/li>\n<\/ul>\n<\/ul>\n<p>[\/et_pb_toggle][et_pb_toggle admin_label=&#8221;Toggle&#8221; title=&#8221;Mantenimiento Conductivo&#8221; open=&#8221;off&#8221; use_border_color=&#8221;off&#8221; border_color=&#8221;#ffffff&#8221; border_style=&#8221;solid&#8221;]<\/p>\n<p>Dentro de este mantenimiento, se incluir\u00e1 la puesta en marcha, parada y cuantas operaciones y verificaciones sean necesarias para que los equipos e instalaciones funcionen de forma \u00f3ptima y con el m\u00ednimo consumo de energ\u00eda, dentro de los par\u00e1metros de funcionamiento de cada fabricante.<\/p>\n<p>[\/et_pb_toggle][\/et_pb_column][\/et_pb_row][et_pb_row admin_label=&#8221;Row&#8221;][et_pb_column type=&#8221;1_2&#8243;][\/et_pb_column][et_pb_column type=&#8221;1_2&#8243;][\/et_pb_column][\/et_pb_row][\/et_pb_section]<\/p>\n","protected":false},"excerpt":{"rendered":"<p>[et_pb_section admin_label=&#8221;Section&#8221; fullwidth=&#8221;on&#8221; specialty=&#8221;off&#8221;][et_pb_fullwidth_header admin_label=&#8221;Fullwidth Header&#8221; title=&#8221;Electromedicina&#8221; background_layout=&#8221;light&#8221; text_orientation=&#8221;left&#8221; header_fullscreen=&#8221;off&#8221; header_scroll_down=&#8221;off&#8221; background_url=&#8221;https:\/\/secst.net\/wp-content\/uploads\/2016\/10\/serveis.jpg&#8221; parallax=&#8221;off&#8221; parallax_method=&#8221;off&#8221; content_orientation=&#8221;center&#8221; image_orientation=&#8221;center&#8221; custom_button_one=&#8221;off&#8221; button_one_letter_spacing=&#8221;0&#8243; button_one_use_icon=&#8221;default&#8221; button_one_icon_placement=&#8221;right&#8221; button_one_on_hover=&#8221;on&#8221; button_one_letter_spacing_hover=&#8221;0&#8243; custom_button_two=&#8221;off&#8221; button_two_letter_spacing=&#8221;0&#8243; button_two_use_icon=&#8221;default&#8221; button_two_icon_placement=&#8221;right&#8221; button_two_on_hover=&#8221;on&#8221; button_two_letter_spacing_hover=&#8221;0&#8243; title_font_color=&#8221;#ffffff&#8221; title_font=&#8221;|on|||&#8221; title_font_size=&#8221;40px&#8221;] &nbsp; &nbsp; [\/et_pb_fullwidth_header][\/et_pb_section][et_pb_section admin_label=&#8221;section&#8221;][et_pb_row admin_label=&#8221;row&#8221;][et_pb_column type=&#8221;2_3&#8243;][et_pb_text admin_label=&#8221;Text&#8221; background_layout=&#8221;light&#8221; text_orientation=&#8221;left&#8221; use_border_color=&#8221;off&#8221; border_color=&#8221;#ffffff&#8221; border_style=&#8221;solid&#8221;] De los servicios ofrecidos, el mantenimiento tiene como finalidad primordial la maximizaci\u00f3n [&hellip;]<\/p>\n","protected":false},"author":1,"featured_media":0,"parent":0,"menu_order":0,"comment_status":"closed","ping_status":"closed","template":"","meta":{"_et_pb_use_builder":"on","_et_pb_old_content":null,"_et_gb_content_width":""},"_links":{"self":[{"href":"https:\/\/secst.net\/index.php\/wp-json\/wp\/v2\/pages\/716"}],"collection":[{"href":"https:\/\/secst.net\/index.php\/wp-json\/wp\/v2\/pages"}],"about":[{"href":"https:\/\/secst.net\/index.php\/wp-json\/wp\/v2\/types\/page"}],"author":[{"embeddable":true,"href":"https:\/\/secst.net\/index.php\/wp-json\/wp\/v2\/users\/1"}],"replies":[{"embeddable":true,"href":"https:\/\/secst.net\/index.php\/wp-json\/wp\/v2\/comments?post=716"}],"version-history":[{"count":1,"href":"https:\/\/secst.net\/index.php\/wp-json\/wp\/v2\/pages\/716\/revisions"}],"predecessor-version":[{"id":717,"href":"https:\/\/secst.net\/index.php\/wp-json\/wp\/v2\/pages\/716\/revisions\/717"}],"wp:attachment":[{"href":"https:\/\/secst.net\/index.php\/wp-json\/wp\/v2\/media?parent=716"}],"curies":[{"name":"wp","href":"https:\/\/api.w.org\/{rel}","templated":true}]}}