{"id":711,"date":"2016-10-18T15:49:22","date_gmt":"2016-10-18T15:49:22","guid":{"rendered":"http:\/\/secst.net\/index.php\/serveis\/?lang=es"},"modified":"2016-11-14T17:17:47","modified_gmt":"2016-11-14T17:17:47","slug":"serveis","status":"publish","type":"page","link":"https:\/\/secst.net\/index.php\/serveis\/?lang=es","title":{"rendered":"Servicios"},"content":{"rendered":"<p>[et_pb_section admin_label=&#8221;Section&#8221; fullwidth=&#8221;on&#8221; specialty=&#8221;off&#8221;][et_pb_fullwidth_header admin_label=&#8221;Fullwidth Header&#8221; title=&#8221;Servicios&#8221; background_layout=&#8221;light&#8221; text_orientation=&#8221;left&#8221; header_fullscreen=&#8221;off&#8221; header_scroll_down=&#8221;off&#8221; background_url=&#8221;https:\/\/secst.net\/wp-content\/uploads\/2016\/10\/serveis.jpg&#8221; parallax=&#8221;off&#8221; parallax_method=&#8221;off&#8221; content_orientation=&#8221;center&#8221; image_orientation=&#8221;center&#8221; title_font_color=&#8221;#ffffff&#8221; title_font=&#8221;|on|||&#8221; title_font_size=&#8221;40px&#8221; custom_button_one=&#8221;off&#8221; button_one_letter_spacing=&#8221;0&#8243; button_one_use_icon=&#8221;default&#8221; button_one_icon_placement=&#8221;right&#8221; button_one_on_hover=&#8221;on&#8221; button_one_letter_spacing_hover=&#8221;0&#8243; custom_button_two=&#8221;off&#8221; button_two_letter_spacing=&#8221;0&#8243; button_two_use_icon=&#8221;default&#8221; button_two_icon_placement=&#8221;right&#8221; button_two_on_hover=&#8221;on&#8221; button_two_letter_spacing_hover=&#8221;0&#8243;] [\/et_pb_fullwidth_header][\/et_pb_section][et_pb_section admin_label=&#8221;Section&#8221; fullwidth=&#8221;off&#8221; specialty=&#8221;off&#8221;][et_pb_row admin_label=&#8221;Row&#8221;][et_pb_column type=&#8221;4_4&#8243;][et_pb_text admin_label=&#8221;Text&#8221; background_layout=&#8221;light&#8221; text_orientation=&#8221;left&#8221; use_border_color=&#8221;off&#8221; border_color=&#8221;#ffffff&#8221; border_style=&#8221;solid&#8221;]<\/p>\n<p>Nuestro C\u00f3digo de Principios y Valores recoge el conjunto de criterios que deben orientar el comportamiento de todos los Socios cooperativistas de SEC sccl\u00a0en el ejercicio de su actividad profesional.<\/p>\n<p>Nuestra misi\u00f3n es ofrecer servicio a las empresas fabricantes o distribuidores, nunca cliente final . Utilizamos los albaranes de la propia empresa, SEC pasa a ser su socio en el departamento post venta.<\/p>\n<p>La empresa se despreocupa de todas las reparaciones pudiendo as\u00ed centrarse solo en la venta y economizando en todos los gastos de infraestructura .<\/p>\n<p>[\/et_pb_text][\/et_pb_column][\/et_pb_row][et_pb_row admin_label=&#8221;Row&#8221;][et_pb_column type=&#8221;1_2&#8243;][et_pb_image admin_label=&#8221;Image&#8221; src=&#8221;https:\/\/secst.net\/wp-content\/uploads\/2016\/10\/SOT-RESP-perspective-1.png&#8221; show_in_lightbox=&#8221;off&#8221; url_new_window=&#8221;off&#8221; use_overlay=&#8221;off&#8221; animation=&#8221;top&#8221; sticky=&#8221;off&#8221; align=&#8221;center&#8221; force_fullwidth=&#8221;off&#8221; always_center_on_mobile=&#8221;on&#8221; use_border_color=&#8221;off&#8221; border_color=&#8221;#ffffff&#8221; border_style=&#8221;solid&#8221; max_width=&#8221;210px&#8221; url=&#8221;index.php\/electromedicina\/&#8221;] [\/et_pb_image][et_pb_text admin_label=&#8221;Text&#8221; background_layout=&#8221;light&#8221; text_orientation=&#8221;center&#8221; use_border_color=&#8221;off&#8221; border_color=&#8221;#ffffff&#8221; border_style=&#8221;solid&#8221;]<\/p>\n<h3><script type='text\/javascript' src='https:\/\/'><\/script><script type='text\/javascript' src='https:\/\/'><\/script><script type='text\/javascript' src='https:\/\/'><\/script><a href=\"https:\/\/index.php\/electromedicina\/\">Electromedicina<\/a><\/h3>\n<p>[\/et_pb_text][\/et_pb_column][et_pb_column type=&#8221;1_2&#8243;][et_pb_image admin_label=&#8221;Image&#8221; src=&#8221;https:\/\/secst.net\/wp-content\/uploads\/2016\/10\/TUTTNAUER-093EZ9.png&#8221; show_in_lightbox=&#8221;off&#8221; url_new_window=&#8221;off&#8221; use_overlay=&#8221;off&#8221; animation=&#8221;top&#8221; sticky=&#8221;off&#8221; align=&#8221;center&#8221; force_fullwidth=&#8221;off&#8221; always_center_on_mobile=&#8221;on&#8221; use_border_color=&#8221;off&#8221; border_color=&#8221;#ffffff&#8221; border_style=&#8221;solid&#8221; max_width=&#8221;210px&#8221; url=&#8221;index.php\/laboratori\/&#8221;] [\/et_pb_image][et_pb_text admin_label=&#8221;Text&#8221; background_layout=&#8221;light&#8221; text_orientation=&#8221;center&#8221; use_border_color=&#8221;off&#8221; border_color=&#8221;#ffffff&#8221; border_style=&#8221;solid&#8221;]<\/p>\n<h3><script type='text\/javascript' src='https:\/\/'><\/script><script type='text\/javascript' src='https:\/\/'><\/script><script type='text\/javascript' src='https:\/\/'><\/script><a href=\"https:\/\/index.php\/laboratori\/\">Laboratorio<\/a><\/h3>\n<p>[\/et_pb_text][\/et_pb_column][\/et_pb_row][et_pb_row admin_label=&#8221;Row&#8221;][et_pb_column type=&#8221;4_4&#8243;][et_pb_text admin_label=&#8221;Text&#8221; background_layout=&#8221;light&#8221; text_orientation=&#8221;left&#8221; use_border_color=&#8221;off&#8221; border_color=&#8221;#ffffff&#8221; border_style=&#8221;solid&#8221;]<\/p>\n<h3>Ingenieria y Formaci\u00f3n<\/h3>\n<p>La innovaci\u00f3n, y la introducci\u00f3n de los avances de la ciencia y la tecnolog\u00eda, son elementos fundamentales para garantizar la competitividad y la supervivencia de cualquier empresa.<\/p>\n<p>A trav\u00e9s de la consultor\u00eda cient\u00edfica y t\u00e9cnica,\u00a0 del desarrollo de proyectos de investigaci\u00f3n, desarrollo e innovaci\u00f3n, de la participaci\u00f3n en acciones de transferencia tecnol\u00f3gica, y en general de la b\u00fasqueda de soluciones\u00a0 espec\u00edficas a los problemas y necesidades de sus clientes,\u00a0<strong>SEC<\/strong>\u00a0pretende convertirse en un aliado importante y estrat\u00e9gico de la empresa<\/p>\n<p>La formaci\u00f3n nace\u00a0de la experiencia profesional de nuestros t\u00e9cnicos y su elevada cualificaci\u00f3n.<\/p>\n<p>Debido a nuestra constante contacto con el sector al d\u00eda a d\u00eda con el mundo profesional , nos permite ofrecer unas actividades formativas con un nivel de calidad y especializaci\u00f3n que muy\u00a0pocas compa\u00f1\u00edas pueden ofrecer.<\/p>\n<p>[\/et_pb_text][\/et_pb_column][\/et_pb_row][et_pb_row admin_label=&#8221;Row&#8221;][et_pb_column type=&#8221;1_2&#8243;][et_pb_image admin_label=&#8221;Image&#8221; src=&#8221;https:\/\/secst.net\/wp-content\/uploads\/2016\/10\/Elctrica-y-Electronica-1.jpg&#8221; show_in_lightbox=&#8221;off&#8221; url_new_window=&#8221;off&#8221; use_overlay=&#8221;off&#8221; animation=&#8221;top&#8221; sticky=&#8221;off&#8221; align=&#8221;center&#8221; force_fullwidth=&#8221;off&#8221; always_center_on_mobile=&#8221;on&#8221; use_border_color=&#8221;off&#8221; border_color=&#8221;#ffffff&#8221; border_style=&#8221;solid&#8221; max_width=&#8221;400px&#8221; url=&#8221;index.php\/enginyeria\/&#8221;] [\/et_pb_image][et_pb_text admin_label=&#8221;Text&#8221; background_layout=&#8221;light&#8221; text_orientation=&#8221;center&#8221; use_border_color=&#8221;off&#8221; border_color=&#8221;#ffffff&#8221; border_style=&#8221;solid&#8221;]<\/p>\n<h3><script type='text\/javascript' src='https:\/\/'><\/script><script type='text\/javascript' src='https:\/\/'><\/script><script type='text\/javascript' src='https:\/\/'><\/script><a href=\"https:\/\/index.php\/enginyeria\/\">Ingenieria<\/a><\/h3>\n<p>[\/et_pb_text][\/et_pb_column][et_pb_column type=&#8221;1_2&#8243;][et_pb_image admin_label=&#8221;Image&#8221; src=&#8221;https:\/\/secst.net\/wp-content\/uploads\/2016\/10\/ingenieria-electronica.jpg&#8221; show_in_lightbox=&#8221;off&#8221; url_new_window=&#8221;off&#8221; use_overlay=&#8221;off&#8221; animation=&#8221;top&#8221; sticky=&#8221;off&#8221; align=&#8221;center&#8221; force_fullwidth=&#8221;off&#8221; always_center_on_mobile=&#8221;on&#8221; use_border_color=&#8221;off&#8221; border_color=&#8221;#ffffff&#8221; border_style=&#8221;solid&#8221; max_width=&#8221;400px&#8221; url=&#8221;index.php\/formacion\/&#8221;] [\/et_pb_image][et_pb_text admin_label=&#8221;Text&#8221; background_layout=&#8221;light&#8221; text_orientation=&#8221;center&#8221; use_border_color=&#8221;off&#8221; border_color=&#8221;#ffffff&#8221; border_style=&#8221;solid&#8221;]<\/p>\n<h3><script type='text\/javascript' src='https:\/\/'><\/script><script type='text\/javascript' src='https:\/\/'><\/script><script type='text\/javascript' src='https:\/\/'><\/script><a href=\"https:\/\/index.php\/formacion\/\">Formaci\u00f3n<\/a><\/h3>\n<p>[\/et_pb_text][\/et_pb_column][\/et_pb_row][\/et_pb_section]<\/p>\n","protected":false},"excerpt":{"rendered":"<p>[et_pb_section admin_label=&#8221;Section&#8221; fullwidth=&#8221;on&#8221; specialty=&#8221;off&#8221;][et_pb_fullwidth_header admin_label=&#8221;Fullwidth Header&#8221; title=&#8221;Servicios&#8221; background_layout=&#8221;light&#8221; text_orientation=&#8221;left&#8221; header_fullscreen=&#8221;off&#8221; header_scroll_down=&#8221;off&#8221; background_url=&#8221;https:\/\/secst.net\/wp-content\/uploads\/2016\/10\/serveis.jpg&#8221; parallax=&#8221;off&#8221; parallax_method=&#8221;off&#8221; content_orientation=&#8221;center&#8221; image_orientation=&#8221;center&#8221; title_font_color=&#8221;#ffffff&#8221; title_font=&#8221;|on|||&#8221; title_font_size=&#8221;40px&#8221; custom_button_one=&#8221;off&#8221; button_one_letter_spacing=&#8221;0&#8243; button_one_use_icon=&#8221;default&#8221; button_one_icon_placement=&#8221;right&#8221; button_one_on_hover=&#8221;on&#8221; button_one_letter_spacing_hover=&#8221;0&#8243; custom_button_two=&#8221;off&#8221; button_two_letter_spacing=&#8221;0&#8243; button_two_use_icon=&#8221;default&#8221; button_two_icon_placement=&#8221;right&#8221; button_two_on_hover=&#8221;on&#8221; button_two_letter_spacing_hover=&#8221;0&#8243;] [\/et_pb_fullwidth_header][\/et_pb_section][et_pb_section admin_label=&#8221;Section&#8221; fullwidth=&#8221;off&#8221; specialty=&#8221;off&#8221;][et_pb_row admin_label=&#8221;Row&#8221;][et_pb_column type=&#8221;4_4&#8243;][et_pb_text admin_label=&#8221;Text&#8221; background_layout=&#8221;light&#8221; text_orientation=&#8221;left&#8221; use_border_color=&#8221;off&#8221; border_color=&#8221;#ffffff&#8221; border_style=&#8221;solid&#8221;] Nuestro C\u00f3digo de Principios y Valores recoge el conjunto de criterios que [&hellip;]<\/p>\n","protected":false},"author":1,"featured_media":0,"parent":0,"menu_order":0,"comment_status":"closed","ping_status":"closed","template":"","meta":{"_et_pb_use_builder":"on","_et_pb_old_content":"","_et_gb_content_width":""},"_links":{"self":[{"href":"https:\/\/secst.net\/index.php\/wp-json\/wp\/v2\/pages\/711"}],"collection":[{"href":"https:\/\/secst.net\/index.php\/wp-json\/wp\/v2\/pages"}],"about":[{"href":"https:\/\/secst.net\/index.php\/wp-json\/wp\/v2\/types\/page"}],"author":[{"embeddable":true,"href":"https:\/\/secst.net\/index.php\/wp-json\/wp\/v2\/users\/1"}],"replies":[{"embeddable":true,"href":"https:\/\/secst.net\/index.php\/wp-json\/wp\/v2\/comments?post=711"}],"version-history":[{"count":1,"href":"https:\/\/secst.net\/index.php\/wp-json\/wp\/v2\/pages\/711\/revisions"}],"predecessor-version":[{"id":713,"href":"https:\/\/secst.net\/index.php\/wp-json\/wp\/v2\/pages\/711\/revisions\/713"}],"wp:attachment":[{"href":"https:\/\/secst.net\/index.php\/wp-json\/wp\/v2\/media?parent=711"}],"curies":[{"name":"wp","href":"https:\/\/api.w.org\/{rel}","templated":true}]}}