{"id":627,"date":"2016-11-11T18:19:09","date_gmt":"2016-11-11T18:19:09","guid":{"rendered":"http:\/\/secst.net\/?page_id=627"},"modified":"2016-11-21T16:24:22","modified_gmt":"2016-11-21T16:24:22","slug":"electromedicina","status":"publish","type":"page","link":"https:\/\/secst.net\/index.php\/electromedicina\/","title":{"rendered":"Electromedicina"},"content":{"rendered":"<p>[et_pb_section admin_label=&#8221;Section&#8221; fullwidth=&#8221;on&#8221; specialty=&#8221;off&#8221;][et_pb_fullwidth_header admin_label=&#8221;Fullwidth Header&#8221; title=&#8221;Electromedicina&#8221; background_layout=&#8221;light&#8221; text_orientation=&#8221;left&#8221; header_fullscreen=&#8221;off&#8221; header_scroll_down=&#8221;off&#8221; background_url=&#8221;https:\/\/secst.net\/wp-content\/uploads\/2016\/10\/serveis.jpg&#8221; parallax=&#8221;off&#8221; parallax_method=&#8221;off&#8221; content_orientation=&#8221;center&#8221; image_orientation=&#8221;center&#8221; custom_button_one=&#8221;off&#8221; button_one_letter_spacing=&#8221;0&#8243; button_one_use_icon=&#8221;default&#8221; button_one_icon_placement=&#8221;right&#8221; button_one_on_hover=&#8221;on&#8221; button_one_letter_spacing_hover=&#8221;0&#8243; custom_button_two=&#8221;off&#8221; button_two_letter_spacing=&#8221;0&#8243; button_two_use_icon=&#8221;default&#8221; button_two_icon_placement=&#8221;right&#8221; button_two_on_hover=&#8221;on&#8221; button_two_letter_spacing_hover=&#8221;0&#8243; title_font_color=&#8221;#ffffff&#8221; title_font=&#8221;|on|||&#8221; title_font_size=&#8221;40px&#8221;] [\/et_pb_fullwidth_header][\/et_pb_section][et_pb_section admin_label=&#8221;section&#8221;][et_pb_row admin_label=&#8221;row&#8221;][et_pb_column type=&#8221;2_3&#8243;][et_pb_text admin_label=&#8221;Text&#8221; background_layout=&#8221;light&#8221; text_orientation=&#8221;left&#8221; use_border_color=&#8221;off&#8221; border_color=&#8221;#ffffff&#8221; border_style=&#8221;solid&#8221;]<\/p>\n<p>Les serveis que ofereim son reparacions correctives i manteniments preventius, aix\u00ed com revisions o Test de seguretat funcional (Certificaci\u00f3).<\/p>\n<p>Els protocols de manteniment preventiu, correctiu, revisions de tipus legal, etc., s&#8217;efectuaran d&#8217;acord amb les instruccions \/ recomanacions del fabricant dels equips i la normativa vigent.<\/p>\n<p>&nbsp;<\/p>\n<p>[\/et_pb_text][\/et_pb_column][et_pb_column type=&#8221;1_3&#8243;][et_pb_slider admin_label=&#8221;Slider&#8221; show_arrows=&#8221;on&#8221; show_pagination=&#8221;on&#8221; auto=&#8221;off&#8221; auto_ignore_hover=&#8221;off&#8221; parallax=&#8221;off&#8221; parallax_method=&#8221;off&#8221; remove_inner_shadow=&#8221;off&#8221; background_position=&#8221;default&#8221; background_size=&#8221;default&#8221; hide_content_on_mobile=&#8221;off&#8221; hide_cta_on_mobile=&#8221;off&#8221; show_image_video_mobile=&#8221;off&#8221; custom_button=&#8221;off&#8221; button_letter_spacing=&#8221;0&#8243; button_use_icon=&#8221;default&#8221; button_icon_placement=&#8221;right&#8221; button_on_hover=&#8221;on&#8221; button_letter_spacing_hover=&#8221;0&#8243;] [et_pb_slide heading=&#8221;Citrex &#8211; Analitzador de respiradors&#8221; background_position=&#8221;default&#8221; background_size=&#8221;default&#8221; background_color=&#8221;#ffffff&#8221; use_bg_overlay=&#8221;on&#8221; use_text_overlay=&#8221;off&#8221; alignment=&#8221;center&#8221; background_layout=&#8221;light&#8221; allow_player_pause=&#8221;off&#8221; text_border_radius=&#8221;11&#8243; header_font_select=&#8221;default&#8221; header_font=&#8221;||||&#8221; body_font_select=&#8221;default&#8221; body_font=&#8221;||||&#8221; custom_button=&#8221;off&#8221; button_font_select=&#8221;default&#8221; button_font=&#8221;||||&#8221; button_use_icon=&#8221;default&#8221; button_icon_placement=&#8221;right&#8221; button_on_hover=&#8221;on&#8221; image=&#8221;https:\/\/secst.net\/wp-content\/uploads\/2016\/11\/Citrex-recortado.png&#8221; bg_overlay_color=&#8221;#ffffff&#8221;][\/et_pb_slide][et_pb_slide heading=&#8221;VPad &#8211; Simulador ECG&#8221; background_position=&#8221;default&#8221; background_size=&#8221;default&#8221; background_color=&#8221;#ffffff&#8221; use_bg_overlay=&#8221;on&#8221; use_text_overlay=&#8221;off&#8221; alignment=&#8221;center&#8221; background_layout=&#8221;light&#8221; allow_player_pause=&#8221;off&#8221; text_border_radius=&#8221;3&#8243; header_font_select=&#8221;default&#8221; header_font=&#8221;||||&#8221; body_font_select=&#8221;default&#8221; body_font=&#8221;||||&#8221; custom_button=&#8221;off&#8221; button_font_select=&#8221;default&#8221; button_font=&#8221;||||&#8221; button_use_icon=&#8221;default&#8221; button_icon_placement=&#8221;right&#8221; button_on_hover=&#8221;on&#8221; image=&#8221;https:\/\/secst.net\/wp-content\/uploads\/2016\/10\/Datrend-VPAD-recortado.png&#8221; bg_overlay_color=&#8221;#ffffff&#8221;][\/et_pb_slide][et_pb_slide heading=&#8221;Mesurador UltraSons&#8221; background_position=&#8221;default&#8221; background_size=&#8221;default&#8221; background_color=&#8221;#ffffff&#8221; use_bg_overlay=&#8221;on&#8221; use_text_overlay=&#8221;off&#8221; alignment=&#8221;center&#8221; background_layout=&#8221;light&#8221; allow_player_pause=&#8221;off&#8221; text_border_radius=&#8221;3&#8243; header_font_select=&#8221;default&#8221; header_font=&#8221;||||&#8221; body_font_select=&#8221;default&#8221; body_font=&#8221;||||&#8221; custom_button=&#8221;off&#8221; button_font_select=&#8221;default&#8221; button_font=&#8221;||||&#8221; button_use_icon=&#8221;default&#8221; button_icon_placement=&#8221;right&#8221; button_on_hover=&#8221;on&#8221; image=&#8221;https:\/\/secst.net\/wp-content\/uploads\/2016\/10\/ultrasonidos.png&#8221; bg_overlay_color=&#8221;#ffffff&#8221;][\/et_pb_slide] [\/et_pb_slider][\/et_pb_column][\/et_pb_row][et_pb_row admin_label=&#8221;Row&#8221;][et_pb_column type=&#8221;1_2&#8243;][et_pb_toggle admin_label=&#8221;Toggle&#8221; title=&#8221;Matenimient Correctiu&#8221; open=&#8221;off&#8221; use_border_color=&#8221;off&#8221; border_color=&#8221;#ffffff&#8221; border_style=&#8221;solid&#8221;]<\/p>\n<p>L&#8217;objectiu d&#8217;aquest tipus de servei \u00e9s la reparaci\u00f3 d&#8217;un equip avariat, basant-se en quatre idees fonamentals:<\/p>\n<ul>\n<li>Control de les avaries que es produeixin, tant en el per\u00edode de garantia com fora d&#8217;aquest.<\/li>\n<li>An\u00e0lisi de les causes, solucions correctives i formes d&#8217;execuci\u00f3.<\/li>\n<li>Inspecci\u00f3 de treballs realitzats.<\/li>\n<li>Accions conseq\u00fcents relatives al manteniment preventiu.<\/li>\n<\/ul>\n<p>[\/et_pb_toggle][et_pb_toggle admin_label=&#8221;Toggle&#8221; title=&#8221;Matenimient Predictiu&#8221; open=&#8221;off&#8221; use_border_color=&#8221;off&#8221; border_color=&#8221;#ffffff&#8221; border_style=&#8221;solid&#8221;]<\/p>\n<p>Aquest tipus de manteniment consisteix a estudiar l&#8217;evoluci\u00f3 temporal de certs par\u00e0metres i associar-los a l&#8217;evoluci\u00f3 d&#8217;errors, per aix\u00ed determinar en quin per\u00edode de temps aquesta fallada tinguent\u00a0una rellev\u00e0ncia important.<\/p>\n<p>Una de les caracter\u00edstiques m\u00e9s importants d&#8217;aquest tipus de manteniment \u00e9s que no ha d&#8217;alterar el funcionament normal dels equips mentre s&#8217;est\u00e0 aplicant.<\/p>\n<p>[\/et_pb_toggle][\/et_pb_column][et_pb_column type=&#8221;1_2&#8243;][et_pb_toggle admin_label=&#8221;Toggle&#8221; title=&#8221;Mantenimient Preventiu&#8221; open=&#8221;off&#8221; use_border_color=&#8221;off&#8221; border_color=&#8221;#ffffff&#8221; border_style=&#8221;solid&#8221;]<\/p>\n<p>La fi que persegueix aquest servei \u00e9s el control dels par\u00e0metres funcionals i la reducci\u00f3 de les anomalies en els equips, basant-se en tres\u00a0idees fonamentals:<\/p>\n<ul>\n<li>Adelantar-se\u00a0en el temps a les possibles anomalies.<\/li>\n<li>Control amb la\u00a0conservaci\u00f3 dels equips.<\/li>\n<li>Compliment dels programes de manteniment.<\/li>\n<\/ul>\n<p>[\/et_pb_toggle][et_pb_toggle admin_label=&#8221;Toggle&#8221; title=&#8221;Seguretat Funcional&#8221; open=&#8221;off&#8221; use_border_color=&#8221;off&#8221; border_color=&#8221;#ffffff&#8221; border_style=&#8221;solid&#8221;]<\/p>\n<p>Per assegurar que les mesures i el funcionaments dels equips siguin correctes. La acci\u00f3 dels t\u00e8cnics certifiquen que els equips estan en perfecte estat d&#8217;us i que totes les mesures estan dins els marges de tolerancia de cada equip i fabricant.<\/p>\n<p>[\/et_pb_toggle][\/et_pb_column][\/et_pb_row][et_pb_row admin_label=&#8221;Row&#8221;][et_pb_column type=&#8221;1_2&#8243;][\/et_pb_column][et_pb_column type=&#8221;1_2&#8243;][\/et_pb_column][\/et_pb_row][\/et_pb_section]<\/p>\n","protected":false},"excerpt":{"rendered":"<p>[et_pb_section admin_label=&#8221;Section&#8221; fullwidth=&#8221;on&#8221; specialty=&#8221;off&#8221;][et_pb_fullwidth_header admin_label=&#8221;Fullwidth Header&#8221; title=&#8221;Electromedicina&#8221; background_layout=&#8221;light&#8221; text_orientation=&#8221;left&#8221; header_fullscreen=&#8221;off&#8221; header_scroll_down=&#8221;off&#8221; background_url=&#8221;https:\/\/secst.net\/wp-content\/uploads\/2016\/10\/serveis.jpg&#8221; parallax=&#8221;off&#8221; parallax_method=&#8221;off&#8221; content_orientation=&#8221;center&#8221; image_orientation=&#8221;center&#8221; custom_button_one=&#8221;off&#8221; button_one_letter_spacing=&#8221;0&#8243; button_one_use_icon=&#8221;default&#8221; button_one_icon_placement=&#8221;right&#8221; button_one_on_hover=&#8221;on&#8221; button_one_letter_spacing_hover=&#8221;0&#8243; custom_button_two=&#8221;off&#8221; button_two_letter_spacing=&#8221;0&#8243; button_two_use_icon=&#8221;default&#8221; button_two_icon_placement=&#8221;right&#8221; button_two_on_hover=&#8221;on&#8221; button_two_letter_spacing_hover=&#8221;0&#8243; title_font_color=&#8221;#ffffff&#8221; title_font=&#8221;|on|||&#8221; title_font_size=&#8221;40px&#8221;] [\/et_pb_fullwidth_header][\/et_pb_section][et_pb_section admin_label=&#8221;section&#8221;][et_pb_row admin_label=&#8221;row&#8221;][et_pb_column type=&#8221;2_3&#8243;][et_pb_text admin_label=&#8221;Text&#8221; background_layout=&#8221;light&#8221; text_orientation=&#8221;left&#8221; use_border_color=&#8221;off&#8221; border_color=&#8221;#ffffff&#8221; border_style=&#8221;solid&#8221;] Les serveis que ofereim son reparacions correctives i manteniments preventius, aix\u00ed com revisions o [&hellip;]<\/p>\n","protected":false},"author":1,"featured_media":0,"parent":0,"menu_order":0,"comment_status":"closed","ping_status":"closed","template":"","meta":{"_et_pb_use_builder":"on","_et_pb_old_content":"","_et_gb_content_width":""},"_links":{"self":[{"href":"https:\/\/secst.net\/index.php\/wp-json\/wp\/v2\/pages\/627"}],"collection":[{"href":"https:\/\/secst.net\/index.php\/wp-json\/wp\/v2\/pages"}],"about":[{"href":"https:\/\/secst.net\/index.php\/wp-json\/wp\/v2\/types\/page"}],"author":[{"embeddable":true,"href":"https:\/\/secst.net\/index.php\/wp-json\/wp\/v2\/users\/1"}],"replies":[{"embeddable":true,"href":"https:\/\/secst.net\/index.php\/wp-json\/wp\/v2\/comments?post=627"}],"version-history":[{"count":24,"href":"https:\/\/secst.net\/index.php\/wp-json\/wp\/v2\/pages\/627\/revisions"}],"predecessor-version":[{"id":889,"href":"https:\/\/secst.net\/index.php\/wp-json\/wp\/v2\/pages\/627\/revisions\/889"}],"wp:attachment":[{"href":"https:\/\/secst.net\/index.php\/wp-json\/wp\/v2\/media?parent=627"}],"curies":[{"name":"wp","href":"https:\/\/api.w.org\/{rel}","templated":true}]}}